{"id":999,"date":"2021-10-26T00:54:53","date_gmt":"2021-10-26T05:54:53","guid":{"rendered":"https:\/\/thegreenparkhotel.com.mx\/?page_id=999"},"modified":"2023-07-25T15:00:14","modified_gmt":"2023-07-25T21:00:14","slug":"jardin-el-corregidor","status":"publish","type":"page","link":"https:\/\/thegreenparkhotel.com.mx\/en\/jardin-el-corregidor\/","title":{"rendered":"Jard\u00edn el corregidor"},"content":{"rendered":"<div class=\"btb-rest-view-page-1\">\n  <div class=\"wrap\">\n    <div class=\"div-btb-rest-view-info first\">\n      <div class=\"btb-rest-view-info-inner\">\n      <h2 style=\"font-size:50px;font-family:edwardian!important;\" class=\"btb-rest-view-title\">Jard\u00edn del corregidor<\/h2>\n      <p class=\"btb-rest-view-text\">\nJard\u00edn del corregidor\u2014The Mayor\u2019s Garden\u2014is an oasis in the middle of the city which honors its name. A garden that offers calmness, comfort and a great cuisine.\n\n<\/p>\n      <\/div>\n    <\/div>\n    <div class=\"div-btb-rest-view-data\">\n      <div class=\"btb-rest-view-data-inner\">\n      <p><i class=\"fas fa-phone\"><\/i> &nbsp;\n      <a href=\"tel:5552766565\">\n        +52 55 5276 &#8211; 6565\n      <\/a>\n      <\/p>\n      <p>\n        <i class=\"fas fa-envelope\"><\/i> &nbsp;\n        <a href=\"mailto:reservaciones@thegreenparkhotel.com.mx\">\n          reservaciones@thegreenparkhotel.com.mx\n        <\/a>\n      <\/p>\n      <p>\n        <i class=\"fas fa-laptop\"><\/i> &nbsp;\n        <a href=\"http:\/\/www.jardindelcorregidor.com.mx\/\">\n         www.jardindelcorregidor.com.mx\/\n        <\/a>\n      <\/p>\n    <img decoding=\"async\" src=\"https:\/\/thegreenparkhotel.com.mx\/wp-content\/uploads\/2021\/10\/Logo-Jardin-del-Corregidor-2020.jpg\" alt=\"\">\n    <\/div>\n  <\/div>\n<\/div>\n<\/div>\n\n  <center>  <img decoding=\"async\" style=\"width:80%;\" src=\"https:\/\/thegreenparkhotel.com.mx\/wp-content\/uploads\/2021\/10\/17_jardinCorregidor.jpg\"><\/center>\n\n\n<div class=\"btb-rest-view-page-2\">\n\n    <div class=\"div-btb-rest-view-menu\">\n      <div class=\"btb-rest-view-menu\">\n        <h3 style=\"text-align:center;font-size:50px;font-family:edwardian!important;\" class=\"btb-rest-view-menu-title\"> <\/h3>\n        <p style=\"text-align:justify; padding:0 10%;\"> \n\n <\/p>\n       <!-- <p><a href=\"#\">Men\u00fa del Desayuno<\/a><\/p>\n        <p><a href=\"#\">Men\u00fa de Comida y Cena<\/a><\/p>\n        <p><a href=\"#\">Men\u00fa de Bebidas<\/a><\/p> -->\n      <\/div>\n    <\/div>\n  <\/div>\n\n  <center><img decoding=\"async\" style=\"width:80%;\" src=\"https:\/\/thegreenparkhotel.com.mx\/wp-content\/uploads\/2021\/10\/23_jardinCorregidor.jpg\"><\/center>\n\n<!--\n<div class=\"btb-rest-view-page-5\">\n  <div class=\"wrap\">\n    <div class=\"div-btb-rest-view-events full-width\">\n      <h2 style=\"font-size:50px;font-family:edwardian!important;\" class=\"btb-rest-view-tea-title\">EVENTOS<\/h2>\n      <p class=\"btb-rest-view-tea-text\">Te invitamos a disfrutar momentos especiales con nosotros, tendremos sorpresas y beneficios para ti.<\/p>\n      <div class=\"btb-rest-view-event-dates\">\n        <p> <strong>Pr\u00f3ximas fechas:<\/strong> <\/p>\n        <ul>\n          <li>21 de marzo de 4 a 8 pm<\/li>\n          <li>10 de mayo de 10 am a 8 pm<\/li>\n        <\/ul>\n      <\/div>\n  <\/div>\n<\/div>\n-->","protected":false},"excerpt":{"rendered":"<p>Jard\u00edn del corregidor El Jard\u00edn del corregidor es un oasis en medio de la ciudad que le hace honor a su nombre. Un jard\u00edn que ofrece sosiego, comodidad y una gran cocina. &nbsp; +52 55 5276 &#8211; 6565 &nbsp; reservaciones@thegreenparkhotel.com.mx &nbsp; www.jardindelcorregidor.com.mx\/<\/p>","protected":false},"author":7,"featured_media":0,"parent":0,"menu_order":0,"comment_status":"closed","ping_status":"closed","template":"","meta":{"_genesis_hide_title":false,"_genesis_hide_breadcrumbs":false,"_genesis_hide_singular_image":false,"_genesis_hide_footer_widgets":false,"_genesis_custom_body_class":"","_genesis_custom_post_class":"","_genesis_layout":"","footnotes":""},"class_list":{"0":"post-999","1":"page","2":"type-page","3":"status-publish","5":"entry"},"_links":{"self":[{"href":"https:\/\/thegreenparkhotel.com.mx\/en\/wp-json\/wp\/v2\/pages\/999","targetHints":{"allow":["GET"]}}],"collection":[{"href":"https:\/\/thegreenparkhotel.com.mx\/en\/wp-json\/wp\/v2\/pages"}],"about":[{"href":"https:\/\/thegreenparkhotel.com.mx\/en\/wp-json\/wp\/v2\/types\/page"}],"author":[{"embeddable":true,"href":"https:\/\/thegreenparkhotel.com.mx\/en\/wp-json\/wp\/v2\/users\/7"}],"replies":[{"embeddable":true,"href":"https:\/\/thegreenparkhotel.com.mx\/en\/wp-json\/wp\/v2\/comments?post=999"}],"version-history":[{"count":8,"href":"https:\/\/thegreenparkhotel.com.mx\/en\/wp-json\/wp\/v2\/pages\/999\/revisions"}],"predecessor-version":[{"id":1306,"href":"https:\/\/thegreenparkhotel.com.mx\/en\/wp-json\/wp\/v2\/pages\/999\/revisions\/1306"}],"wp:attachment":[{"href":"https:\/\/thegreenparkhotel.com.mx\/en\/wp-json\/wp\/v2\/media?parent=999"}],"curies":[{"name":"wp","href":"https:\/\/api.w.org\/{rel}","templated":true}]}}