{"id":784,"date":"2021-10-20T23:37:16","date_gmt":"2021-10-21T04:37:16","guid":{"rendered":"https:\/\/thegreenparkhotel.com.mx\/?page_id=784"},"modified":"2023-07-21T17:43:39","modified_gmt":"2023-07-21T23:43:39","slug":"grand-suite-2","status":"publish","type":"page","link":"https:\/\/thegreenparkhotel.com.mx\/en\/grand-suite-2\/","title":{"rendered":"Grand suite"},"content":{"rendered":"<div class=\"btb-rest-temp-page-1\">\n  <div class=\"wrap\">\n    <div class=\"div-btb-rest-temp-img two-thirds first\">\n    \n<style type=\"text\/css\">\n#foogallery-gallery-139 .fg-image { width: 300px; }\n#foogallery-gallery-139 { --fg-gutter: 5px; }<\/style>\n\t\t\t<div class=\"foogallery foogallery-container foogallery-default foogallery-lightbox-none fg-center fg-default fg-ready fg-light fg-loading-default fg-loaded-fade-in fg-hover-scale fg-hover-fade fg-hover-eye\" id=\"foogallery-gallery-139\" data-foogallery=\"{&quot;item&quot;:{&quot;showCaptionTitle&quot;:false,&quot;showCaptionDescription&quot;:false},&quot;lazy&quot;:true}\" style=\"--fg-title-line-clamp: 0; --fg-description-line-clamp: 0;\" >\n\t<div class=\"fg-item fg-type-image fg-idle\"><figure class=\"fg-item-inner\"><a href=\"https:\/\/thegreenparkhotel.com.mx\/wp-content\/uploads\/2019\/03\/20141107-161839_GreenPark_9562-1-2-scaled.jpg\" data-attachment-id=\"1095\" data-type=\"image\" class=\"fg-thumb\"><span class=\"fg-image-wrap\"><img fetchpriority=\"high\" decoding=\"async\" width=\"300\" height=\"200\" class=\"skip-lazy fg-image\" data-src-fg=\"https:\/\/thegreenparkhotel.com.mx\/wp-content\/uploads\/cache\/2019\/03\/20141107-161839_GreenPark_9562-1-2-scaled\/2132205141.jpg\" src=\"data:image\/svg+xml,%3Csvg%20xmlns%3D%22http%3A%2F%2Fwww.w3.org%2F2000%2Fsvg%22%20width%3D%22300%22%20height%3D%22200%22%20viewBox%3D%220%200%20300%20200%22%3E%3C%2Fsvg%3E\" loading=\"eager\"><\/span><span class=\"fg-image-overlay\"><\/span><\/a><\/figure><div class=\"fg-loader\"><\/div><\/div><div class=\"fg-item fg-type-image fg-idle\"><figure class=\"fg-item-inner\"><a href=\"https:\/\/thegreenparkhotel.com.mx\/wp-content\/uploads\/2019\/03\/ban\u0303o-grand-suite.jpg\" data-attachment-id=\"1096\" data-type=\"image\" class=\"fg-thumb\"><span class=\"fg-image-wrap\"><img decoding=\"async\" width=\"300\" height=\"200\" class=\"skip-lazy fg-image\" data-src-fg=\"https:\/\/thegreenparkhotel.com.mx\/wp-content\/uploads\/cache\/2019\/03\/ban\u0303o-grand-suite\/1431653440.jpg\" src=\"data:image\/svg+xml,%3Csvg%20xmlns%3D%22http%3A%2F%2Fwww.w3.org%2F2000%2Fsvg%22%20width%3D%22300%22%20height%3D%22200%22%20viewBox%3D%220%200%20300%20200%22%3E%3C%2Fsvg%3E\" loading=\"eager\"><\/span><span class=\"fg-image-overlay\"><\/span><\/a><\/figure><div class=\"fg-loader\"><\/div><\/div><div class=\"fg-item fg-type-image fg-idle\"><figure class=\"fg-item-inner\"><a href=\"https:\/\/thegreenparkhotel.com.mx\/wp-content\/uploads\/2019\/03\/20141107-151539_GreenPark_9464-1-1-scaled.jpg\" data-attachment-id=\"1097\" data-type=\"image\" class=\"fg-thumb\"><span class=\"fg-image-wrap\"><img decoding=\"async\" width=\"300\" height=\"200\" class=\"skip-lazy fg-image\" data-src-fg=\"https:\/\/thegreenparkhotel.com.mx\/wp-content\/uploads\/cache\/2019\/03\/20141107-151539_GreenPark_9464-1-1-scaled\/554447444.jpg\" src=\"data:image\/svg+xml,%3Csvg%20xmlns%3D%22http%3A%2F%2Fwww.w3.org%2F2000%2Fsvg%22%20width%3D%22300%22%20height%3D%22200%22%20viewBox%3D%220%200%20300%20200%22%3E%3C%2Fsvg%3E\" loading=\"eager\"><\/span><span class=\"fg-image-overlay\"><\/span><\/a><\/figure><div class=\"fg-loader\"><\/div><\/div><div class=\"fg-item fg-type-image fg-idle\"><figure class=\"fg-item-inner\"><a href=\"https:\/\/thegreenparkhotel.com.mx\/wp-content\/uploads\/2019\/03\/20141107-160146_GreenPark_9536-grand-suite-1-scaled.jpg\" data-attachment-id=\"1098\" data-type=\"image\" class=\"fg-thumb\"><span class=\"fg-image-wrap\"><img decoding=\"async\" width=\"300\" height=\"200\" class=\"skip-lazy fg-image\" data-src-fg=\"https:\/\/thegreenparkhotel.com.mx\/wp-content\/uploads\/cache\/2019\/03\/20141107-160146_GreenPark_9536-grand-suite-1-scaled\/3604582639.jpg\" src=\"data:image\/svg+xml,%3Csvg%20xmlns%3D%22http%3A%2F%2Fwww.w3.org%2F2000%2Fsvg%22%20width%3D%22300%22%20height%3D%22200%22%20viewBox%3D%220%200%20300%20200%22%3E%3C%2Fsvg%3E\" loading=\"eager\"><\/span><span class=\"fg-image-overlay\"><\/span><\/a><\/figure><div class=\"fg-loader\"><\/div><\/div><\/div>\n\n    <\/div>\n   <div class=\"div-btb-rest-temp-features one-third\">\n      <div class=\"btb-rest-temp-features-square\">\n        <div class=\"btb-rest-temp-features-inner\">\n          <h2 style=\"font-size: 50px;font-family: edwardian!important;\">Grand suite<\/h2>\n         <p style=\"font-size:13px; line-height:1.2;\">Our most spacious and luxurious suite.<\/p>\n<ul style=\"font-size:13px; line-height:1.2;list-style:disc!important;\">\n<li>Lobby<\/li>\n<li>Living room<\/li>\n<li>Business Room<\/li>\n<li>King size bed<\/li>\n<li>Option to interconnected Suite<\/li>\n<li>View to the Chapultepec Forest<\/li>\n<li>Smart TV with international programming<\/li>\n<li>High speed internet<\/li>\n<li>Safe deposit box<\/li>\n<li>Jacuzzi<\/li>\n<li>Hydromassage column<\/li>\n<li>Luxurious amenities<\/li>\n<\/ul>\n<p style=\"font-size:13px; line-height:1.2;\">Let us make your stay an unforgettable experience!<\/p>\n        <\/div>\n      <\/div>\n    <\/div>\n  <\/div>\n<\/div>","protected":false},"excerpt":{"rendered":"<p>Grand suite Nuestra Suite m\u00e1s espaciosa y lujosa. Recibidor Estancia Business Room Cama King size Opci\u00f3n a Suite Vista intercomunicada Vista al Bosque de Chapultepec Smart TV con programaci\u00f3n internacional Internet de alta velocidad Caja de seguridad Jacuzzi Columna de hidromasaje Amenidades de lujo Perm\u00edtanos hacer de su estancia una experiencia inolvidable.<\/p>","protected":false},"author":7,"featured_media":0,"parent":0,"menu_order":0,"comment_status":"closed","ping_status":"closed","template":"","meta":{"_genesis_hide_title":false,"_genesis_hide_breadcrumbs":false,"_genesis_hide_singular_image":false,"_genesis_hide_footer_widgets":false,"_genesis_custom_body_class":"","_genesis_custom_post_class":"","_genesis_layout":"","footnotes":""},"class_list":{"0":"post-784","1":"page","2":"type-page","3":"status-publish","5":"entry"},"_links":{"self":[{"href":"https:\/\/thegreenparkhotel.com.mx\/en\/wp-json\/wp\/v2\/pages\/784","targetHints":{"allow":["GET"]}}],"collection":[{"href":"https:\/\/thegreenparkhotel.com.mx\/en\/wp-json\/wp\/v2\/pages"}],"about":[{"href":"https:\/\/thegreenparkhotel.com.mx\/en\/wp-json\/wp\/v2\/types\/page"}],"author":[{"embeddable":true,"href":"https:\/\/thegreenparkhotel.com.mx\/en\/wp-json\/wp\/v2\/users\/7"}],"replies":[{"embeddable":true,"href":"https:\/\/thegreenparkhotel.com.mx\/en\/wp-json\/wp\/v2\/comments?post=784"}],"version-history":[{"count":9,"href":"https:\/\/thegreenparkhotel.com.mx\/en\/wp-json\/wp\/v2\/pages\/784\/revisions"}],"predecessor-version":[{"id":1297,"href":"https:\/\/thegreenparkhotel.com.mx\/en\/wp-json\/wp\/v2\/pages\/784\/revisions\/1297"}],"wp:attachment":[{"href":"https:\/\/thegreenparkhotel.com.mx\/en\/wp-json\/wp\/v2\/media?parent=784"}],"curies":[{"name":"wp","href":"https:\/\/api.w.org\/{rel}","templated":true}]}}