{"id":497,"date":"2019-04-12T10:58:29","date_gmt":"2019-04-12T15:58:29","guid":{"rendered":"https:\/\/thegreenparkhotel.com.mx\/?page_id=497"},"modified":"2023-07-21T14:23:01","modified_gmt":"2023-07-21T20:23:01","slug":"ubicacion","status":"publish","type":"page","link":"https:\/\/thegreenparkhotel.com.mx\/en\/ubicacion\/","title":{"rendered":"LOCATION"},"content":{"rendered":"<center><iframe src=\"https:\/\/www.google.com\/maps\/embed?pb=!1m18!1m12!1m3!1d3762.933480254959!2d-99.18691248616395!3d19.415279886894176!2m3!1f0!2f0!3f0!3m2!1i1024!2i768!4f13.1!3m3!1m2!1s0x85d1ff59656d5f79%3A0xfa5214610614efa0!2sThe%20Green%20Park%20Hotel!5e0!3m2!1ses!2smx!4v1634784140997!5m2!1ses!2smx\" width=\"100%\" height=\"450\" style=\"border:0;\" allowfullscreen=\"\" loading=\"lazy\"><\/iframe><\/center>\n\n<div class=\"btb-ubicacion-page-1\">\n  <div class=\"wrap\">\n     <div class=\"div-btb-ubicacion-info\">\n      <h2 style=\"font-size:50px;font-family:edwardian!important;\" class=\"btb-ubicacion-title\">Location<\/h2>\n      <p style=\"padding:0 10%; text-align:justify;\" class=\"btb-single-suites-text\">West of the magnificent city of Mexico and right across the Chapultepec Forest\u2014the largest urban park in Latin America\u2014comes The Green Park hotel; the boutique hotel where traditional English opulence and character meet with the well known warm and welcoming Mexican indulgence that takes care of every single detail.\n\nThe Green Park hotel with its privileged location places you close to the most important cultural, recreational, commercial, and financial zones of the city; making your stay, whether for business or pleasure, a unique and unforgettable experience. \n\nThe Chapultepec Forest is one of the largest city parks in the Western Hemisphere\u20141,695 acres. Considered as the most important lungs of the Mexican Valley. It is divided in three sections: the first is the oldest and most visited. This section contains most of the park\u2019s attractions, including the castle, the Chapultepec Zoo and its 8 museums.\n\nNot only is an urban forest with museums, but it also has 8 museums, more than 100 monuments and fountains, boats to row in the lakes, children\u2019s areas and many areas where you can take a walk and enjoy the nature.\n\nIn Chapultepec you can enter with your bike\u2014which we lend it to you\u2014and enjoy all the attractions that offer the park or take the special circuits for more professional cyclists.\n <\/p>\n   <\/div>\n <\/div>\n<\/div>\n\n<div class=\"btb-ubicacion-page-2\">\n  <div class=\"wrap\">\n     <div class=\"div-btb-ubicacion-interes\">\n      <h2 style=\"font-size:50px;font-family:edwardian!important;\" class=\"btb-ubicacion-interes\">Places of interest<\/h2>\n        <div class=\"div-btb-ubicacion-interes-ficha one-third first\">\n          <div class=\"btb-ubicacion-interes-ficha-inner\">\n            <img decoding=\"async\" src=\"https:\/\/thegreenparkhotel.com.mx\/wp-content\/uploads\/2021\/10\/chapultepec-1.jpg\" alt=\"bosque de Chapultepec\">\n            <h3>Bosque de Chapultepec<\/h3>\n            <small>300 mts<\/small>\n            <p> <\/p>\n            <a href=\"https:\/\/www.google.com.mx\/maps\/dir\/The+Green+Park,+Av+Constituyentes+99,+San+Miguel+Chapultepec+I+Secc,+11850+Ciudad+de+M%C3%A9xico,+CDMX\/Bosque+de+Chapultepec,+Ciudad+de+M%C3%A9xico,+CDMX\/@19.4167872,-99.1894056,17z\/data=!3m1!4b1!4m14!4m13!1m5!1m1!1s0x85d1ff59656d5f79:0xfa5214610614efa0!2m2!1d-99.184978!2d19.4151972!1m5!1m1!1s0x85d1ff574549573f:0x42e2e5c1a219c3af!2m2!1d-99.1894558!2d19.4194815!3e2\" target=\"_blank\" rel=\"noopener noreferrer\">How to get<\/a>\n          <\/div>\n        <\/div>\n\n        <div class=\"div-btb-ubicacion-interes-ficha one-third\">\n          <div class=\"btb-ubicacion-interes-ficha-inner\">\n            <img decoding=\"async\" src=\"\/wp-content\/uploads\/2019\/04\/Los-Pinos.jpeg\" alt=\"Los Pinos\">\n            <h3>Los Pinos<\/h3>\n            <small>1.6 km<\/small>\n            <p> <\/p>\n            <a href=\"https:\/\/www.google.com.mx\/maps\/dir\/The+Green+Park,+Av+Constituyentes+99,+San+Miguel+Chapultepec+I+Secc,+11850+Ciudad+de+M%C3%A9xico,+CDMX\/Los+Pinos,+Calle+Parque+Lira+S%2FN,+Bosque+de+Chapultepec+I+Secc,+11850+Ciudad+de+M%C3%A9xico,+CDMX\/@19.4139843,-99.1908399,17z\/data=!3m1!4b1!4m14!4m13!1m5!1m1!1s0x85d1ff59656d5f79:0xfa5214610614efa0!2m2!1d-99.184978!2d19.4151972!1m5!1m1!1s0x85d201e2607a9651:0xe8b1edf657b2032f!2m2!1d-99.1912523!2d19.4156143!3e1\" target=\"_blank\" rel=\"noopener noreferrer\">How to get<\/a>\n          <\/div>\n        <\/div>\n\n        <div class=\"div-btb-ubicacion-interes-ficha one-third\">\n          <div class=\"btb-ubicacion-interes-ficha-inner\">\n            <img decoding=\"async\" src=\"\/wp-content\/uploads\/2019\/04\/Auditorio-Nacional.jpeg\" alt=\"Auditorio Nacional\">\n            <h3>Auditorio Nacional<\/h3>\n            <small>3 km<\/small>\n            <p> <\/p>\n            <a href=\"https:\/\/www.google.com.mx\/maps\/dir\/The+Green+Park,+Avenida+Constituyentes,+San+Miguel+Chapultepec+I+Secci%C3%B3n,+Ciudad+de+M%C3%A9xico,+CDMX\/Auditorio+Nacional,+Av.+Paseo+de+la+Reforma+50,+Miguel+Hidalgo,+11580+Ciudad+de+M%C3%A9xico,+CDMX\/@19.4182181,-99.2010406,15z\/data=!3m1!4b1!4m14!4m13!1m5!1m1!1s0x85d1ff59656d5f79:0xfa5214610614efa0!2m2!1d-99.184978!2d19.4151972!1m5!1m1!1s0x85d201fc02a01ef9:0x5e14b5cd4b968d6f!2m2!1d-99.1949256!2d19.4248097!3e0\" target=\"_blank\" rel=\"noopener noreferrer\">How to get<\/a>\n          <\/div>\n        <\/div>\n\n   <\/div>\n <\/div>\n<\/div>\n\n\n<div class=\"btb-ubicacion-page-3\">\n  <div class=\"wrap\">\n     <div class=\"div-btb-ubicacion-interes\">\n        <div class=\"div-btb-ubicacion-interes-ficha one-third first\">\n          <div class=\"btb-ubicacion-interes-ficha-inner\">\n            <img decoding=\"async\" src=\"\/wp-content\/uploads\/2019\/04\/Corredor-Cultural-Roma-Condesa.png\" alt=\"Corredor Cultural Roma Condesa\">\n            <h3>Corredor Roma-Condesa<\/h3>\n            <small>1.5 km<\/small>\n            <p> <\/p>\n            <a href=\"https:\/\/www.google.com.mx\/maps\/dir\/The+Green+Park,+Avenida+Constituyentes,+San+Miguel+Chapultepec+I+Secci%C3%B3n,+Ciudad+de+M%C3%A9xico,+CDMX\/Condesa,+Ciudad+de+M%C3%A9xico,+CDMX\/@19.4153868,-99.184022,16.34z\/data=!4m14!4m13!1m5!1m1!1s0x85d1ff59656d5f79:0xfa5214610614efa0!2m2!1d-99.184978!2d19.4151972!1m5!1m1!1s0x85d1ff4489e635e3:0xed1c076e8bc9b8e7!2m2!1d-99.1774462!2d19.4149803!3e1\" target=\"_blank\" rel=\"noopener noreferrer\">How to get<\/a>\n          <\/div>\n        <\/div>\n\n        <div class=\"div-btb-ubicacion-interes-ficha one-third\">\n          <div class=\"btb-ubicacion-interes-ficha-inner\">\n            <img decoding=\"async\" src=\"\/wp-content\/uploads\/2019\/04\/polanco-cdmx.jpg\" alt=\"Polanco\">\n            <h3>Polanco<\/h3>\n            <small>4 km<\/small>\n            <p> <\/p>\n            <a href=\"https:\/\/www.google.com.mx\/maps\/dir\/The+Green+Park,+Avenida+Constituyentes,+San+Miguel+Chapultepec+I+Secci%C3%B3n,+Ciudad+de+M%C3%A9xico,+CDMX\/Av.+Pdte.+Masaryk,+Chapultepec+Morales,+Polanco+V+Secc,+Ciudad+de+M%C3%A9xico,+CDMX\/@19.425512,-99.2014619,15.5z\/data=!4m14!4m13!1m5!1m1!1s0x85d1ff59656d5f79:0xfa5214610614efa0!2m2!1d-99.184978!2d19.4151972!1m5!1m1!1s0x85d202018dd4f7dd:0xb178536ecf28eede!2m2!1d-99.1950185!2d19.4316172!3e0\" target=\"_blank\" rel=\"noopener noreferrer\">How to get<\/a>\n          <\/div>\n        <\/div>\n\n        <div class=\"div-btb-ubicacion-interes-ficha one-third\">\n          <div class=\"btb-ubicacion-interes-ficha-inner\">\n            <img decoding=\"async\" src=\"\/wp-content\/uploads\/2019\/04\/centro-comercial-santa-fe.jpg\" alt=\"Santa Fe\">\n            <h3>Centro Comercial Santa Fe<\/h3>\n            <small>11.6 km<\/small>\n            <p> <\/p>\n            <a href=\"https:\/\/www.google.com.mx\/maps\/dir\/The+Green+Park,+Avenida+Constituyentes,+San+Miguel+Chapultepec+I+Secci%C3%B3n,+Ciudad+de+M%C3%A9xico,+CDMX\/Centro+Comercial+Santa+Fe,+Vasco+de+Quiroga,+Contadero,+Ciudad+de+M%C3%A9xico,+CDMX\/@19.3883104,-99.2643075,13z\/data=!3m1!4b1!4m14!4m13!1m5!1m1!1s0x85d1ff59656d5f79:0xfa5214610614efa0!2m2!1d-99.184978!2d19.4151972!1m5!1m1!1s0x85d200deba18c34d:0xe7c4a41a4e29c6a0!2m2!1d-99.2735972!2d19.3611003!3e0\" target=\"_blank\" rel=\"noopener noreferrer\">How to get<\/a>\n          <\/div>\n        <\/div>\n   <\/div>\n <\/div>\n<\/div>\n\n\n\n<p><\/p>","protected":false},"excerpt":{"rendered":"<p>Ubicaci\u00f3n The Green Park hotel, por su privilegiada ubicaci\u00f3n, lo sit\u00faa en las inmediaciones de las zonas culturales, recreativas, comerciales y financieras m\u00e1s exclusivas de la ciudad de M\u00e9xico, cercano a Polanco, la Condesa y la Roma. A tan solo 6 Km del centro hist\u00f3rico. Justo frente al Bosque de Chapultepec: uno de los parques [&hellip;]<\/p>","protected":false},"author":7,"featured_media":0,"parent":0,"menu_order":0,"comment_status":"closed","ping_status":"closed","template":"templates\/page-contact.php","meta":{"_genesis_hide_title":false,"_genesis_hide_breadcrumbs":false,"_genesis_hide_singular_image":false,"_genesis_hide_footer_widgets":false,"_genesis_custom_body_class":"","_genesis_custom_post_class":"","_genesis_layout":"","footnotes":""},"class_list":{"0":"post-497","1":"page","2":"type-page","3":"status-publish","5":"entry"},"_links":{"self":[{"href":"https:\/\/thegreenparkhotel.com.mx\/en\/wp-json\/wp\/v2\/pages\/497","targetHints":{"allow":["GET"]}}],"collection":[{"href":"https:\/\/thegreenparkhotel.com.mx\/en\/wp-json\/wp\/v2\/pages"}],"about":[{"href":"https:\/\/thegreenparkhotel.com.mx\/en\/wp-json\/wp\/v2\/types\/page"}],"author":[{"embeddable":true,"href":"https:\/\/thegreenparkhotel.com.mx\/en\/wp-json\/wp\/v2\/users\/7"}],"replies":[{"embeddable":true,"href":"https:\/\/thegreenparkhotel.com.mx\/en\/wp-json\/wp\/v2\/comments?post=497"}],"version-history":[{"count":16,"href":"https:\/\/thegreenparkhotel.com.mx\/en\/wp-json\/wp\/v2\/pages\/497\/revisions"}],"predecessor-version":[{"id":1287,"href":"https:\/\/thegreenparkhotel.com.mx\/en\/wp-json\/wp\/v2\/pages\/497\/revisions\/1287"}],"wp:attachment":[{"href":"https:\/\/thegreenparkhotel.com.mx\/en\/wp-json\/wp\/v2\/media?parent=497"}],"curies":[{"name":"wp","href":"https:\/\/api.w.org\/{rel}","templated":true}]}}