{"id":33,"date":"2019-03-21T14:18:05","date_gmt":"2019-03-21T20:18:05","guid":{"rendered":"https:\/\/thegreenparkhotel.com.mx\/?page_id=33"},"modified":"2023-07-21T14:21:00","modified_gmt":"2023-07-21T20:21:00","slug":"servicios","status":"publish","type":"page","link":"https:\/\/thegreenparkhotel.com.mx\/en\/home\/servicios\/","title":{"rendered":"SERVICES"},"content":{"rendered":"<div class=\"btb-services-page-1\">\n  <div class=\"wrap\">\n    <div class=\"div-btb-services-info\">\n      <h2 style=\"font-size:50px;font-family:edwardian!important;\" class=\"btb-services-title\">Services<\/h2>\n      <p style=\"text-align:justify; padding:0 10%;\" class=\"btb-services-text\">The Green Park hotel is a great small hotel that offers 33 magnificent suites; a meeting room with a capacity that goes from 12 to 300 persons, fully equipped and dividable in three sections; an exclusive haute cuisine restaurant and an original terrace for breakfast; bar, cozy public areas, and an interesting library with varied literature in addition to a selection of international newspapers, as well as a Business Center available 24 hours.\n\nOur rooms are designed to offer the most modern technology in audiovisual equipment; at every moment, its exclusive furniture\u2014whether a small or big event\u2014matches the style and class that characterizes the property.\n\nAt The Green Park hotel, the personalized service acquires its true dimension. The Concierge, at all times is willing to assist your every wish: from room service or a relaxing massage, to getting the best places for the show of your preference. Thinking about your comfort, you only have to pick up the phone and make your request: bringing you a cup of exquisite tea or ironing one of your favorite garments. \n\nYou are our guest and you will forget about great or small details. \n<\/p>\n    <\/div>\n  <\/div>\n<\/div>\n\n<!--\n<div class=\"btb-services-page-2\">\n  <div class=\"wrap\">\n    <div class=\"div-btb-services-rooms-img two-thirds first\">\n      <div class=\"btb-services-rooms-img-holder\">\n        <img decoding=\"async\" src=\"https:\/\/thegreenparkhotel.com.mx\/wp-content\/uploads\/2021\/10\/Business-Meetings.jpg\" alt=\"\">\n      <\/div>\n    <\/div>\n   <div class=\"div-btb-services-rooms-features one-third\">\n      <div class=\"btb-services-rooms-features-square\">\n        <div class=\"btb-services-rooms-features-inner\">\n          <ul>\n            <li><img decoding=\"async\" src=\"\/wp-content\/uploads\/2019\/03\/Line-bullet.png\" alt=\"\">Suites para no fumadores<\/li>\n            <li><img decoding=\"async\" src=\"\/wp-content\/uploads\/2019\/03\/Line-bullet.png\" alt=\"\">Servicio a cuartos hasta las 23 horas<\/li>\n            <li><img decoding=\"async\" src=\"\/wp-content\/uploads\/2019\/03\/Line-bullet.png\" alt=\"\">Servicio de Lavander\u00eda y tintorer\u00eda<\/li>\n            <li><img decoding=\"async\" src=\"\/wp-content\/uploads\/2019\/03\/Line-bullet.png\" alt=\"\">Planchado express <\/li>\n            <li><img decoding=\"async\" src=\"\/wp-content\/uploads\/2019\/03\/Line-bullet.png\" alt=\"\">Check in &amp; Check out express<\/li>\n          <ul>\n    <li><img decoding=\"async\" src=\"\/wp-content\/uploads\/2019\/03\/Line-bullet.png\" alt=\"\">Renta de coches<\/li>\n                  <li><img decoding=\"async\" src=\"\/wp-content\/uploads\/2019\/03\/Line-bullet.png\" alt=\"\">Mensajer\u00eda<\/li>\n                  <li><img decoding=\"async\" src=\"\/wp-content\/uploads\/2019\/03\/Line-bullet.png\" alt=\"\">Cambio de moneda<\/li>\n            <li><img decoding=\"async\" src=\"\/wp-content\/uploads\/2019\/03\/Line-bullet.png\" alt=\"\">Biblioteca en el Lobby<\/li>\n            <li><img decoding=\"async\" src=\"\/wp-content\/uploads\/2019\/03\/Line-bullet.png\" alt=\"\">Disponibilidad de peri\u00f3dicos internacionales<\/li>\n          <\/ul>\n          <\/ul>\n        <\/div>\n      <\/div>\n    <\/div>\n  <\/div>\n<\/div>\n-->\n\n\n<div class=\"btb-services-page-3\">\n  <div class=\"wrap\">\n   <div class=\"div-btb-services-desk-features one-third first\">\n      <div class=\"btb-services-desk-features-square\">\n        <div class=\"btb-services-desk-features-inner\">\n          <ul>\n<li><img decoding=\"async\" src=\"\/wp-content\/uploads\/2019\/03\/Line-bullet.png\" alt=\"\">Room service until 11 pm<\/li>\n            <li><img decoding=\"async\" src=\"\/wp-content\/uploads\/2019\/03\/Line-bullet.png\" alt=\"\">Laundry and dry cleaning service<\/li>\n            <li><img decoding=\"async\" src=\"\/wp-content\/uploads\/2019\/03\/Line-bullet.png\" alt=\"\">Express Ironing Services <\/li>\n                  <li><img decoding=\"async\" src=\"\/wp-content\/uploads\/2019\/03\/Line-bullet.png\" alt=\"\">Car rental<\/li>\n                  <li><img decoding=\"async\" src=\"\/wp-content\/uploads\/2019\/03\/Line-bullet.png\" alt=\"\">Messenger service<\/li>\n                  <li><img decoding=\"async\" src=\"\/wp-content\/uploads\/2019\/03\/Line-bullet.png\" alt=\"\">Currency exchange<\/li>\n            <li><img decoding=\"async\" src=\"\/wp-content\/uploads\/2019\/03\/Line-bullet.png\" alt=\"\">Library<\/li>\n            <li><img decoding=\"async\" src=\"\/wp-content\/uploads\/2019\/03\/Line-bullet.png\" alt=\"\">Availability of international newspapers<\/li>\n          <\/ul>\n        <\/div>\n      <\/div>\n    <\/div>\n    <div class=\"div-btb-services-desk-img two-thirds\">\n      <div class=\"btb-services-desk-img-holder\">\n        <img decoding=\"async\" src=\"https:\/\/thegreenparkhotel.com.mx\/wp-content\/uploads\/2021\/10\/privado.jpg\" alt=\"\">\n      <\/div>\n    <\/div>\n  <\/div>\n<\/div>\n\n<div class=\"btb-services-page-4\">\n  <div class=\"wrap\">\n    <div class=\"div-btb-services-business-img two-thirds first\">\n      <div class=\"btb-services-business-img-holder\">\n        <img decoding=\"async\" src=\"\/wp-content\/uploads\/2019\/03\/Buisness-Center-sm.jpg\" alt=\"\">\n      <\/div>\n    <\/div>\n   <div class=\"div-btb-services-business-features one-third\">\n      <div class=\"btb-services-business-features-square\">\n        <div class=\"btb-services-business-features-inner\">\n          <ul>\n            <li><img decoding=\"async\" src=\"\/wp-content\/uploads\/2019\/03\/Line-bullet.png\" alt=\"\">24 hours business center<\/li>\n            <li><img decoding=\"async\" src=\"\/wp-content\/uploads\/2019\/03\/Line-bullet.png\" alt=\"\">Wireless broadband internet in suites and public areas<\/li>\n          <\/ul>\n        <\/div>\n      <\/div>\n    <\/div>\n  <\/div>\n<\/div>\n\n\n<div class=\"btb-services-page-5\">\n  <div class=\"wrap\">\n   <div class=\"div-btb-services-extras-features one-third first\">\n      <div class=\"btb-services-extras-features-square\">\n        <div class=\"btb-services-extras-features-inner\">\n          <ul>\n            <li><img decoding=\"async\" src=\"\/wp-content\/uploads\/2019\/03\/Line-bullet.png\" alt=\"\">Bicycle lending<\/li>\n            <li><img decoding=\"async\" src=\"\/wp-content\/uploads\/2019\/03\/Line-bullet.png\" alt=\"\">Valet Parking<\/li>\n            <li><img decoding=\"async\" src=\"\/wp-content\/uploads\/2019\/03\/Line-bullet.png\" alt=\"\">Parking<\/li>\n          <\/ul>\n        <\/div>\n      <\/div>\n    <\/div>\n    <div class=\"div-btb-services-extras-img two-thirds\">\n      <div class=\"btb-services-extras-img-holder\">\n        <img decoding=\"async\" src=\"https:\/\/thegreenparkhotel.com.mx\/wp-content\/uploads\/2021\/10\/bike-in-the-park-scaled.jpg\" alt=\"\">\n      <\/div>\n    <\/div>\n  <\/div>\n<\/div>\n\n<!-- <div class=\"btb-services-page-6\">\n  <div class=\"wrap\">\n    <p>En The Green Park hotel el servicio personalizado adquiere su verdadera dimensi\u00f3n. El Concierge en todo momento est\u00e1 dispuesto a atender sus deseos: desde servicio a cuartos hasta conseguirle los mejores lugares para asistir al espect\u00e1culo de su preferencia. Pensando en su comodidad, usted no tiene m\u00e1s que descolgar el tel\u00e9fono de su suite y hacemos su petici\u00f3n: llevarle un exquisito t\u00e9 o planchar alguna de sus prendas favoritas.<\/p>\n  <\/div>\n<\/div> -->","protected":false},"excerpt":{"rendered":"<p>Servicios The Green Park hotel es un Boutique hotel que ofrece 33 magn\u00edficas suites; un sal\u00f3n de reuniones con una capacidad de12 hasta 300 personas, completamente equipado y divisible en tres secciones; un exclusivo restaurante de alta cocina internacional y una original terraza para desayunos, bar, acogedoras \u00e1reas p\u00fablicas, biblioteca con literatura variada, peri\u00f3dico. As\u00ed [&hellip;]<\/p>","protected":false},"author":7,"featured_media":97,"parent":10,"menu_order":0,"comment_status":"closed","ping_status":"closed","template":"","meta":{"_genesis_hide_title":false,"_genesis_hide_breadcrumbs":false,"_genesis_hide_singular_image":false,"_genesis_hide_footer_widgets":false,"_genesis_custom_body_class":"","_genesis_custom_post_class":"","_genesis_layout":"","footnotes":""},"class_list":{"0":"post-33","1":"page","2":"type-page","3":"status-publish","4":"has-post-thumbnail","6":"entry"},"_links":{"self":[{"href":"https:\/\/thegreenparkhotel.com.mx\/en\/wp-json\/wp\/v2\/pages\/33","targetHints":{"allow":["GET"]}}],"collection":[{"href":"https:\/\/thegreenparkhotel.com.mx\/en\/wp-json\/wp\/v2\/pages"}],"about":[{"href":"https:\/\/thegreenparkhotel.com.mx\/en\/wp-json\/wp\/v2\/types\/page"}],"author":[{"embeddable":true,"href":"https:\/\/thegreenparkhotel.com.mx\/en\/wp-json\/wp\/v2\/users\/7"}],"replies":[{"embeddable":true,"href":"https:\/\/thegreenparkhotel.com.mx\/en\/wp-json\/wp\/v2\/comments?post=33"}],"version-history":[{"count":24,"href":"https:\/\/thegreenparkhotel.com.mx\/en\/wp-json\/wp\/v2\/pages\/33\/revisions"}],"predecessor-version":[{"id":1286,"href":"https:\/\/thegreenparkhotel.com.mx\/en\/wp-json\/wp\/v2\/pages\/33\/revisions\/1286"}],"up":[{"embeddable":true,"href":"https:\/\/thegreenparkhotel.com.mx\/en\/wp-json\/wp\/v2\/pages\/10"}],"wp:featuredmedia":[{"embeddable":true,"href":"https:\/\/thegreenparkhotel.com.mx\/en\/wp-json\/wp\/v2\/media\/97"}],"wp:attachment":[{"href":"https:\/\/thegreenparkhotel.com.mx\/en\/wp-json\/wp\/v2\/media?parent=33"}],"curies":[{"name":"wp","href":"https:\/\/api.w.org\/{rel}","templated":true}]}}