{"id":31,"date":"2019-03-21T14:29:10","date_gmt":"2019-03-21T20:29:10","guid":{"rendered":"https:\/\/thegreenparkhotel.com.mx\/?page_id=31"},"modified":"2021-10-28T23:13:29","modified_gmt":"2021-10-29T04:13:29","slug":"roof-top-lounge","status":"publish","type":"page","link":"https:\/\/thegreenparkhotel.com.mx\/en\/roof-top-lounge\/","title":{"rendered":"ROOF TOP LOUNGE"},"content":{"rendered":"<div class=\"btb-rest-temp-page-1\">\n  <div class=\"wrap\">\n    <div class=\"div-btb-rest-temp-img two-thirds first\">\n      <div class=\"btb-rest-temp-img-holder\">\n        <img decoding=\"async\" src=\"https:\/\/thegreenparkhotel.com.mx\/wp-content\/uploads\/2021\/10\/15_Rooftop_day.jpg\" alt=\"\"><br><br>\n<img decoding=\"async\" src=\"https:\/\/thegreenparkhotel.com.mx\/wp-content\/uploads\/2021\/10\/16_Rooftop_night-1.jpg\" alt=\"\">\n      <\/div>\n    <\/div>\n   <div class=\"div-btb-rest-temp-features one-third\">\n      <div class=\"btb-rest-temp-features-square\">\n        <div class=\"btb-rest-temp-features-inner\">\n          <h2 style=\"font-size:50px;font-family:edwardian!important;\">Roof top lounge<\/h2>\n         <p>\nNothing quite says indulgence in the city like an alfresco lounge on high.\n\nThanks to this charming boutique hotel one can now enjoy oneself in the skies and delight in a panoramic view of a wonderful green forest of 50 thousand trees, and by night the splendid lighting of nature and the Chapultepec\u2019s Castle.\n\nIt\u2019s time to get up on the roof!\n<\/p>\n        <\/div>\n      <\/div>\n    <\/div>\n  <\/div>\n<\/div>","protected":false},"excerpt":{"rendered":"<p>Roof top lounge No hay mejor forma de permitirse un gusto que en un lounge al fresco desde las alturas y deleitarse con una vista panor\u00e1mica al verde de un bosque de 50 mil \u00e1rboles, y por la noche una fastuosa iluminaci\u00f3n de la naturaleza y el Castillo de Chapultepec y sus rascacielos. \u00a1Es hora [&hellip;]<\/p>","protected":false},"author":7,"featured_media":0,"parent":0,"menu_order":0,"comment_status":"closed","ping_status":"closed","template":"","meta":{"_genesis_hide_title":false,"_genesis_hide_breadcrumbs":false,"_genesis_hide_singular_image":false,"_genesis_hide_footer_widgets":false,"_genesis_custom_body_class":"","_genesis_custom_post_class":"","_genesis_layout":"","footnotes":""},"class_list":{"0":"post-31","1":"page","2":"type-page","3":"status-publish","5":"entry"},"_links":{"self":[{"href":"https:\/\/thegreenparkhotel.com.mx\/en\/wp-json\/wp\/v2\/pages\/31","targetHints":{"allow":["GET"]}}],"collection":[{"href":"https:\/\/thegreenparkhotel.com.mx\/en\/wp-json\/wp\/v2\/pages"}],"about":[{"href":"https:\/\/thegreenparkhotel.com.mx\/en\/wp-json\/wp\/v2\/types\/page"}],"author":[{"embeddable":true,"href":"https:\/\/thegreenparkhotel.com.mx\/en\/wp-json\/wp\/v2\/users\/7"}],"replies":[{"embeddable":true,"href":"https:\/\/thegreenparkhotel.com.mx\/en\/wp-json\/wp\/v2\/comments?post=31"}],"version-history":[{"count":10,"href":"https:\/\/thegreenparkhotel.com.mx\/en\/wp-json\/wp\/v2\/pages\/31\/revisions"}],"predecessor-version":[{"id":1116,"href":"https:\/\/thegreenparkhotel.com.mx\/en\/wp-json\/wp\/v2\/pages\/31\/revisions\/1116"}],"wp:attachment":[{"href":"https:\/\/thegreenparkhotel.com.mx\/en\/wp-json\/wp\/v2\/media?parent=31"}],"curies":[{"name":"wp","href":"https:\/\/api.w.org\/{rel}","templated":true}]}}