{"id":25,"date":"2019-03-21T14:12:00","date_gmt":"2019-03-21T20:12:00","guid":{"rendered":"https:\/\/thegreenparkhotel.com.mx\/?page_id=25"},"modified":"2023-07-21T17:07:54","modified_gmt":"2023-07-21T23:07:54","slug":"the-view","status":"publish","type":"page","link":"https:\/\/thegreenparkhotel.com.mx\/en\/the-view\/","title":{"rendered":"THE VIEW"},"content":{"rendered":"<div class=\"btb-rest-view-page-1\">\n  <div class=\"wrap\">\n    <div class=\"div-btb-rest-view-info first\">\n      <div class=\"btb-rest-view-info-inner\">\n      <h2 style=\"font-size:50px;font-family:edwardian!important;\" class=\"btb-rest-view-title\">Restaurant The View<\/h2>\n      <p style=\"text-align:justify;\" class=\"btb-rest-view-text\">\nThe View restaurant offers the flavors, aromas and details of traditional English cuisine and the best of international haute cuisine in a fascinating and refined setting, due to its piano setting and its panoramic view of the Chapultepec forest. The service is attentive, friendly and discreet. Open the 7 days of the week.\n\n<\/p>\n      <p style=\"text-align:justify;\" class=\"btb-rest-view-text\">The View's cuisine, always light and balanced, mixes basic ingredients such as olive oil, delicate aromatic herbs and the romance of dried fruits, pasta, vegetables, meat, fish and seafood.<\/p>\n      <p class=\"btb-rest-view-text\">A meeting at The View turns into a memorable occasion.<\/p>\n      <\/div>\n    <\/div>\n    <div class=\"div-btb-rest-view-data\">\n      <div class=\"btb-rest-view-data-inner\">\n      <p><i class=\"fas fa-phone\"><\/i> &nbsp;\n      <a href=\"tel:55527656565\">\n        +52 55 5276 &#8211; 6565\n      <\/a>\n      <\/p>\n      <p>\n        <i class=\"fas fa-envelope\"><\/i> &nbsp;\n        <a href=\"mailto:reservaciones@thegreenparkhotel.com.mx\">\n          reservaciones@thegreenparkhotel.com.mx\n        <\/a>\n      <\/p>\n      <p>\n        <i class=\"fas fa-laptop\"><\/i> &nbsp;\n        <a href=\"http:\/\/www.theview.com.mx\/\">\n          www.theview.com.mx\n        <\/a>\n      <\/p>\n    <img decoding=\"async\" src=\"https:\/\/thegreenparkhotel.com.mx\/wp-content\/uploads\/2021\/10\/The-View-4website.jpg\" alt=\"\">\n    <\/div>\n  <\/div>\n<\/div>\n<\/div>\n\n    \n  <div class=\"wrap\">\n<div class=\"div-btb-rest-view-menu-img1 first\">\n    <\/div>\n\n\n<div class=\"btb-rest-view-page-2\">\n\n    <div class=\"div-btb-rest-view-menu\">\n      <div class=\"btb-rest-view-menu\">\n        <h3 style=\"text-align:center;font-size:50px;font-family:edwardian!important;\" class=\"btb-rest-view-menu-title\">Gastronomy<\/h3>\n        <p style=\"text-align:justify; padding:0 10%;\">The taste, aroma and detail of the traditional English cuisine and the best of international haute cuisine take form in the refined restaurant, The View. \n\nThe atmosphere of live piano music and its panoramic view to Chapultepec\u2019s Forest turns every meeting into a memorable occasion. The service is attentive, friendly and discreet. Open 7 days of the week. The View\u2019s cuisine, always light and balanced, mixes basic ingredients like olive oil, delicate aromatic herbs with romantic ones like dried fruit, pasta, vegetables, meat, fish, and seafood.\n\nWe are waiting for you!\n <\/p>\n       <!-- <p><a href=\"#\">Men\u00fa del Desayuno<\/a><\/p>\n        <p><a href=\"#\">Men\u00fa de Comida y Cena<\/a><\/p>\n        <p><a href=\"#\">Men\u00fa de Bebidas<\/a><\/p> -->\n      <\/div>\n    <\/div>\n  <\/div>\n<\/div>\n  <div style=\"margin-bottom:40px;\" class=\"wrap\">\n<div style=\"margin-bottom:40px;\" class=\"div-btb-rest-view-menu-img first\">\n    <\/div><br><br>\n\n<h3 style=\"text-align:center;font-size:50px;font-family:edwardian!important;\" class=\"btb-rest-view-cava-title\">La Cava<\/h3>\n        <p style=\"padding:0 15%;text-align:justify;\">You will find in here the best white, red and ros\u00e9 wines of Mexico, Argentina, Chile, Spain, and France; as well as the most wonderful and celebrated champagne brands.<\/p>\n       <!-- <p><a href=\"#\">Selecci\u00f3n de vinos<\/a><\/p> -->\n<div class=\"btb-rest-view-page-3\">\n  <div class=\"wrap\">\n    <div class=\"div-btb-rest-view-cava first\">\n      <div class=\"btb-rest-view-cava\">\n        <img decoding=\"async\" style=\"padding-right:26px;\" src=\"https:\/\/thegreenparkhotel.com.mx\/wp-content\/uploads\/2021\/10\/TV-single-table-scaled.jpg\">\n      <\/div>\n    <\/div>\n    <div class=\"div-btb-rest-view-cava-img\">\n    <\/div>\n  <\/div>\n<\/div>\n\n<div class=\"btb-rest-view-page-4\">\n  <div class=\"wrap\">\n    <div class=\"div-btb-rest-view-tea full-width\">\n      <h2 style=\"font-size:50px;font-family:edwardian!important;\" class=\"btb-rest-view-tea-title\">Hora del t\u00e9<\/h2>\n      \n      <div class=\"btb-rest-view-tea-text\">\n        <p style=\"text-align:justify;\">Come and enjoy our traditional high tea, a beautiful ritual that is enchanting for all the senses: the aroma in the air, the intense and vibrant colors, the delicious flavors. Everyday at 5 p.m. Reserve in advance!<\/p>\n      <\/div>\n<div style=\"margin-bottom:5%;\" class=\"btb-rest-view-tea-img full-width\">\n\n      <\/div>\n\n    <\/div>\n  <\/div>\n<\/div>\n\n<!--\n<div class=\"btb-rest-view-page-5\">\n  <div class=\"wrap\">\n    <div class=\"div-btb-rest-view-events full-width\">\n      <h2 style=\"font-size:50px;font-family:edwardian!important;\" class=\"btb-rest-view-tea-title\">EVENTOS<\/h2>\n      <p style=\"text-align:justify;\" class=\"btb-rest-view-tea-text\">Te invitamos a disfrutar momentos especiales con nosotros, tendremos sorpresas y beneficios para ti.<\/p>\n      <div class=\"btb-rest-view-event-dates\">\n        <p> <strong>Pr\u00f3ximas fechas:<\/strong> <\/p>\n        <ul>\n          <li>21 de marzo de 4 a 8 pm<\/li>\n          <li>10 de mayo de 10 am a 8 pm<\/li>\n        <\/ul>\n      <\/div>\n  <\/div>\n<\/div>\n--><\/div>","protected":false},"excerpt":{"rendered":"<p>Restaurant The View El restaurante The View ofrece los sabores, aromas y detalles de la cocina tradicional inglesa y lo mejor de alta cocina internacional en un fascinante y refinado entorno, por su ambientaci\u00f3n de piano y su vista panor\u00e1mica del bosque de Chapultepec. El servicio es atento, amistoso y discreto. Abierto los 7 d\u00edas [&hellip;]<\/p>","protected":false},"author":7,"featured_media":88,"parent":0,"menu_order":0,"comment_status":"closed","ping_status":"closed","template":"","meta":{"_genesis_hide_title":false,"_genesis_hide_breadcrumbs":false,"_genesis_hide_singular_image":false,"_genesis_hide_footer_widgets":false,"_genesis_custom_body_class":"","_genesis_custom_post_class":"","_genesis_layout":"","footnotes":""},"class_list":{"0":"post-25","1":"page","2":"type-page","3":"status-publish","4":"has-post-thumbnail","6":"entry"},"_links":{"self":[{"href":"https:\/\/thegreenparkhotel.com.mx\/en\/wp-json\/wp\/v2\/pages\/25","targetHints":{"allow":["GET"]}}],"collection":[{"href":"https:\/\/thegreenparkhotel.com.mx\/en\/wp-json\/wp\/v2\/pages"}],"about":[{"href":"https:\/\/thegreenparkhotel.com.mx\/en\/wp-json\/wp\/v2\/types\/page"}],"author":[{"embeddable":true,"href":"https:\/\/thegreenparkhotel.com.mx\/en\/wp-json\/wp\/v2\/users\/7"}],"replies":[{"embeddable":true,"href":"https:\/\/thegreenparkhotel.com.mx\/en\/wp-json\/wp\/v2\/comments?post=25"}],"version-history":[{"count":39,"href":"https:\/\/thegreenparkhotel.com.mx\/en\/wp-json\/wp\/v2\/pages\/25\/revisions"}],"predecessor-version":[{"id":1294,"href":"https:\/\/thegreenparkhotel.com.mx\/en\/wp-json\/wp\/v2\/pages\/25\/revisions\/1294"}],"wp:featuredmedia":[{"embeddable":true,"href":"https:\/\/thegreenparkhotel.com.mx\/en\/wp-json\/wp\/v2\/media\/88"}],"wp:attachment":[{"href":"https:\/\/thegreenparkhotel.com.mx\/en\/wp-json\/wp\/v2\/media?parent=25"}],"curies":[{"name":"wp","href":"https:\/\/api.w.org\/{rel}","templated":true}]}}