{"id":23,"date":"2019-03-21T14:11:15","date_gmt":"2019-03-21T20:11:15","guid":{"rendered":"https:\/\/thegreenparkhotel.com.mx\/?page_id=23"},"modified":"2021-11-01T19:08:31","modified_gmt":"2021-11-02T01:08:31","slug":"restaurantes","status":"publish","type":"page","link":"https:\/\/thegreenparkhotel.com.mx\/en\/restaurantes\/","title":{"rendered":"GASTRONOMY"},"content":{"rendered":"<div class=\"btb-dinner-page-1\">\n  <div class=\"wrap\">\n    <div class=\"div-btb-dinner-info\">\n      <h2 style=\"font-size:50px;font-family:edwardian!important;\" class=\"btb-dinner-title\">Gastronomy <\/h2>\n      <p class=\"btb-dinner-subtitle\"> <\/p>\n      <p style=\"padding:0 10%;text-align:justify;\" class=\"btb-dinner-text\">The taste, aroma and detail of the traditional English cuisine and the best of international haute cuisine take form in the refined restaurant, The View. \n\nThe atmosphere of live piano music and its panoramic view to Chapultepec\u2019s Forest turns every meeting into a memorable occasion. The service is attentive, friendly and discreet. Open 7 days of the week. The View\u2019s cuisine, always light and balanced, mixes basic ingredients like olive oil, delicate aromatic herbs with romantic ones like dried fruit, pasta, vegetables, meat, fish, and seafood.\n\nWe are waiting for you!\n<\/p>\n      <p class=\"btb-dinner-text\"> <\/p>\n    <\/div>\n  <\/div>\n<\/div>\n\n<div class=\"btb-dinner-page-2\">\n  <div class=\"wrap\">\n    <div class=\"div-btb-dinner-restaurant-description alignright\">\n      <div class=\"btb-dinner-restaurant-description-inner alignleft\">\n        <h2 class=\"btb-dinner-restaurant-title\">The View<\/h2>\n        <p class=\"btb-dinner-restaurant-text\">A meeting at The View turns into a memorable occasion.<\/p>\n        <div class=\"div-btb-dinner-restaurant-button\">\n  \t\t\t<a href=\"\/en\/the-view\/\" class=\"btb-dinner-restaurant-button\">View more<\/a>\n        <\/div>\n  \t\t<\/div>\n    <\/div>\n  <\/div>\n<\/div>\n\n<div class=\"btb-dinner-page-3\">\n  <div class=\"wrap\">\n    <div class=\"div-btb-dinner-restaurant-description alignleft\">\n      <div class=\"btb-dinner-restaurant-description-inner\">\n        <h2 class=\"btb-dinner-restaurant-title\">The Terrace<\/h2>\n        <p class=\"btb-dinner-restaurant-text\">Mornings have a special way of starting at La Terraza.<\/p>\n        <div class=\"div-btb-dinner-restaurant-button\">\n  \t\t\t<a href=\"\/en\/la-terraza\/\" class=\"btb-dinner-restaurant-button\">View more<\/a>\n  \t\t<\/div>\n      <\/div>\n    <\/div>\n  <\/div>\n<\/div>\n\n<div class=\"btb-dinner-page-4\">\n  <div class=\"wrap\">\n    <div class=\"div-btb-dinner-restaurant-description alignright\">\n      <div class=\"btb-dinner-restaurant-description-inner alignleft\">\n        <h2 class=\"btb-dinner-restaurant-title\">Nectar Bar<\/h2>\n        <p class=\"btb-dinner-restaurant-text\">Afternoons and evenings are the ideal time to visit the luxurious and peaceful Nectar Bar.<\/p>\n        <div class=\"div-btb-dinner-restaurant-button\">\n  \t\t\t<a href=\"\/en\/nectar-bar\/\" class=\"btb-dinner-restaurant-button\">View more<\/a>\n  \t\t<\/div>\n      <\/div>\n    <\/div>\n  <\/div>\n<\/div>\n\n<div class=\"btb-dinner-page-5\">\n  <div class=\"wrap\">\n    <div class=\"div-btb-dinner-restaurant-description alignleft\">\n      <div class=\"btb-dinner-restaurant-description-inner\">\n        <h2 class=\"btb-dinner-restaurant-title\">Roof Top Lounge<\/h2>\n        <p class=\"btb-dinner-restaurant-text\">There is no better way to indulge yourself than in a lounge al fresco from above and delight in a panoramic view<\/p>\n        <div class=\"div-btb-dinner-restaurant-button\">\n  \t\t\t<a href=\"\/en\/roof-top-lounge\/\" class=\"btb-dinner-restaurant-button\">View more<\/a>\n  \t\t<\/div>\n      <\/div>\n    <\/div>\n  <\/div>\n<\/div>\n\n<div class=\"btb-dinner-page-6\">\n  <div class=\"wrap\">\n    <div class=\"div-btb-dinner-restaurant-description alignright\">\n      <div class=\"btb-dinner-restaurant-description-inner alignleft\">\n        <h2 class=\"btb-dinner-restaurant-title\">Jard\u00edn del corregidor<\/h2>\n        <p class=\"btb-dinner-restaurant-text\">\u2014The Mayor\u2019s Garden\u2014is an oasis in the middle of the city which honors its name. A garden that offers calmness, comfort and a great cuisine.<\/p>\n        <div class=\"div-btb-dinner-restaurant-button\">\n  \t\t\t<a href=\"\/en\/jardin-el-corregidor\/\" class=\"btb-dinner-restaurant-button\">View more<\/a>\n  \t\t<\/div>\n      <\/div>\n    <\/div>\n  <\/div>\n<\/div>","protected":false},"excerpt":{"rendered":"<p>Gastronom\u00eda Los sabores, aromas y detalles de la cocina tradicional inglesa y lo mejor de la alta cocina internacional toman forma en el refinado restaurante The View. Su carta es una invitaci\u00f3n a una suculenta selecci\u00f3n de sopas, entradas, ensaladas, pastas, pescados y mariscos, aves, carnes y postres elaborados con los m\u00e1s frescos y finos [&hellip;]<\/p>","protected":false},"author":7,"featured_media":169,"parent":0,"menu_order":0,"comment_status":"closed","ping_status":"closed","template":"","meta":{"_genesis_hide_title":false,"_genesis_hide_breadcrumbs":false,"_genesis_hide_singular_image":false,"_genesis_hide_footer_widgets":false,"_genesis_custom_body_class":"","_genesis_custom_post_class":"","_genesis_layout":"","footnotes":""},"class_list":{"0":"post-23","1":"page","2":"type-page","3":"status-publish","4":"has-post-thumbnail","6":"entry"},"_links":{"self":[{"href":"https:\/\/thegreenparkhotel.com.mx\/en\/wp-json\/wp\/v2\/pages\/23","targetHints":{"allow":["GET"]}}],"collection":[{"href":"https:\/\/thegreenparkhotel.com.mx\/en\/wp-json\/wp\/v2\/pages"}],"about":[{"href":"https:\/\/thegreenparkhotel.com.mx\/en\/wp-json\/wp\/v2\/types\/page"}],"author":[{"embeddable":true,"href":"https:\/\/thegreenparkhotel.com.mx\/en\/wp-json\/wp\/v2\/users\/7"}],"replies":[{"embeddable":true,"href":"https:\/\/thegreenparkhotel.com.mx\/en\/wp-json\/wp\/v2\/comments?post=23"}],"version-history":[{"count":23,"href":"https:\/\/thegreenparkhotel.com.mx\/en\/wp-json\/wp\/v2\/pages\/23\/revisions"}],"predecessor-version":[{"id":1175,"href":"https:\/\/thegreenparkhotel.com.mx\/en\/wp-json\/wp\/v2\/pages\/23\/revisions\/1175"}],"wp:featuredmedia":[{"embeddable":true,"href":"https:\/\/thegreenparkhotel.com.mx\/en\/wp-json\/wp\/v2\/media\/169"}],"wp:attachment":[{"href":"https:\/\/thegreenparkhotel.com.mx\/en\/wp-json\/wp\/v2\/media?parent=23"}],"curies":[{"name":"wp","href":"https:\/\/api.w.org\/{rel}","templated":true}]}}