{"id":21,"date":"2019-03-21T14:11:00","date_gmt":"2019-03-21T20:11:00","guid":{"rendered":"https:\/\/thegreenparkhotel.com.mx\/?page_id=21"},"modified":"2021-10-28T23:31:21","modified_gmt":"2021-10-29T04:31:21","slug":"nosotros","status":"publish","type":"page","link":"https:\/\/thegreenparkhotel.com.mx\/en\/nosotros\/","title":{"rendered":"ABOUT US"},"content":{"rendered":"<div class=\"btb-about-page-2\">\n  <div class=\"wrap\">\n    <div class=\"div-btb-about-gallery-section\">\n      <h2 style=\"text-transform:inherit!important;font-size:50px;font-family:edwardian!important;\" class=\"btb-about-title\">Plan an event<\/h2>\n<p style=\"text-align:justify;padding:0 10%;\" class=\"btb-rest-view-text\">\nThe Green Park hotel counts with stylishly-refined venues featuring peerless service and cutting edge technology with a capacity that ranges from 12 to 300 persons. <br><br>\n\nHallmarked by timeless glamour and elegance, we are the ideal location to carry out your creative themed events, conventions, formal receptions, and dinners. <br><br>\n\nOur experienced team can help plan your event\n\n\n<\/p>\n    \n\n      <div class=\"btb-about-gallery\">\n        <div class=\"btb-about-gallery-shortcode\">\n          <style type=\"text\/css\">\n#foogallery-gallery-162 .fg-image { width: 275px; }\n#foogallery-gallery-162 { --fg-gutter: 10px; }<\/style>\n\t\t\t<div class=\"foogallery foogallery-container foogallery-default foogallery-lightbox-none fg-center fg-default fg-ready fg-light fg-loading-default fg-loaded-fade-in fg-hover-scale fg-hover-fade fg-hover-eye\" id=\"foogallery-gallery-162\" data-foogallery=\"{&quot;item&quot;:{&quot;showCaptionTitle&quot;:false,&quot;showCaptionDescription&quot;:false},&quot;lazy&quot;:true}\" style=\"--fg-title-line-clamp: 0; --fg-description-line-clamp: 0;\" >\n\t<div class=\"fg-item fg-type-image fg-idle\"><figure class=\"fg-item-inner\"><a href=\"https:\/\/thegreenparkhotel.com.mx\/wp-content\/uploads\/2019\/03\/coffee-break-scaled.jpg\" data-attachment-id=\"1161\" data-type=\"image\" class=\"fg-thumb\"><span class=\"fg-image-wrap\"><img fetchpriority=\"high\" decoding=\"async\" width=\"275\" height=\"200\" class=\"skip-lazy fg-image\" data-src-fg=\"https:\/\/thegreenparkhotel.com.mx\/wp-content\/uploads\/cache\/2019\/03\/coffee-break-scaled\/941329109.jpg\" src=\"data:image\/svg+xml,%3Csvg%20xmlns%3D%22http%3A%2F%2Fwww.w3.org%2F2000%2Fsvg%22%20width%3D%22275%22%20height%3D%22200%22%20viewBox%3D%220%200%20275%20200%22%3E%3C%2Fsvg%3E\" loading=\"eager\"><\/span><span class=\"fg-image-overlay\"><\/span><\/a><\/figure><div class=\"fg-loader\"><\/div><\/div><div class=\"fg-item fg-type-image fg-idle\"><figure class=\"fg-item-inner\"><a href=\"https:\/\/thegreenparkhotel.com.mx\/wp-content\/uploads\/2019\/03\/podium1.jpg\" data-attachment-id=\"1163\" data-type=\"image\" class=\"fg-thumb\"><span class=\"fg-image-wrap\"><img decoding=\"async\" width=\"275\" height=\"200\" class=\"skip-lazy fg-image\" data-src-fg=\"https:\/\/thegreenparkhotel.com.mx\/wp-content\/uploads\/cache\/2019\/03\/podium1\/2032163941.jpg\" src=\"data:image\/svg+xml,%3Csvg%20xmlns%3D%22http%3A%2F%2Fwww.w3.org%2F2000%2Fsvg%22%20width%3D%22275%22%20height%3D%22200%22%20viewBox%3D%220%200%20275%20200%22%3E%3C%2Fsvg%3E\" loading=\"eager\"><\/span><span class=\"fg-image-overlay\"><\/span><\/a><\/figure><div class=\"fg-loader\"><\/div><\/div><div class=\"fg-item fg-type-image fg-idle\"><figure class=\"fg-item-inner\"><a href=\"https:\/\/thegreenparkhotel.com.mx\/wp-content\/uploads\/2019\/03\/privado.jpg\" data-attachment-id=\"1164\" data-type=\"image\" class=\"fg-thumb\"><span class=\"fg-image-wrap\"><img decoding=\"async\" width=\"275\" height=\"200\" class=\"skip-lazy fg-image\" data-src-fg=\"https:\/\/thegreenparkhotel.com.mx\/wp-content\/uploads\/cache\/2019\/03\/privado\/2556441768.jpg\" src=\"data:image\/svg+xml,%3Csvg%20xmlns%3D%22http%3A%2F%2Fwww.w3.org%2F2000%2Fsvg%22%20width%3D%22275%22%20height%3D%22200%22%20viewBox%3D%220%200%20275%20200%22%3E%3C%2Fsvg%3E\" loading=\"eager\"><\/span><span class=\"fg-image-overlay\"><\/span><\/a><\/figure><div class=\"fg-loader\"><\/div><\/div><div class=\"fg-item fg-type-image fg-idle\"><figure class=\"fg-item-inner\"><a href=\"https:\/\/thegreenparkhotel.com.mx\/wp-content\/uploads\/2019\/03\/theatre-with-screen.jpg\" data-attachment-id=\"1165\" data-type=\"image\" class=\"fg-thumb\"><span class=\"fg-image-wrap\"><img decoding=\"async\" width=\"275\" height=\"200\" class=\"skip-lazy fg-image\" data-src-fg=\"https:\/\/thegreenparkhotel.com.mx\/wp-content\/uploads\/cache\/2019\/03\/theatre-with-screen\/2779898124.jpg\" src=\"data:image\/svg+xml,%3Csvg%20xmlns%3D%22http%3A%2F%2Fwww.w3.org%2F2000%2Fsvg%22%20width%3D%22275%22%20height%3D%22200%22%20viewBox%3D%220%200%20275%20200%22%3E%3C%2Fsvg%3E\" loading=\"eager\"><\/span><span class=\"fg-image-overlay\"><\/span><\/a><\/figure><div class=\"fg-loader\"><\/div><\/div><div class=\"fg-item fg-type-image fg-idle\"><figure class=\"fg-item-inner\"><a href=\"https:\/\/thegreenparkhotel.com.mx\/wp-content\/uploads\/2019\/03\/Business-Meetings.jpg\" data-attachment-id=\"1166\" data-type=\"image\" class=\"fg-thumb\"><span class=\"fg-image-wrap\"><img decoding=\"async\" width=\"275\" height=\"200\" class=\"skip-lazy fg-image\" data-src-fg=\"https:\/\/thegreenparkhotel.com.mx\/wp-content\/uploads\/cache\/2019\/03\/Business-Meetings\/2356590162.jpg\" src=\"data:image\/svg+xml,%3Csvg%20xmlns%3D%22http%3A%2F%2Fwww.w3.org%2F2000%2Fsvg%22%20width%3D%22275%22%20height%3D%22200%22%20viewBox%3D%220%200%20275%20200%22%3E%3C%2Fsvg%3E\" loading=\"eager\"><\/span><span class=\"fg-image-overlay\"><\/span><\/a><\/figure><div class=\"fg-loader\"><\/div><\/div><\/div>\n\n        <\/div>\n      <\/div>\n\n    <\/div>\n  <\/div>\n<\/div>\n\n<div class=\"btb-about-page-3\">\n  <div class=\"wrap\">\n      <div class=\"div-btb-about-contact\">\n      \t<h2 class=\"btb-about-contact-title\">\n      \t\tContact us\n      \t<\/h2>\n      \t<div class=\"btb-about-contact-form\">\n      \t\t\n<div class=\"wpcf7 no-js\" id=\"wpcf7-f115-o1\" lang=\"es-MX\" dir=\"ltr\" data-wpcf7-id=\"115\">\n<div class=\"screen-reader-response\"><p role=\"status\" aria-live=\"polite\" aria-atomic=\"true\"><\/p> <ul><\/ul><\/div>\n<form action=\"\/en\/wp-json\/wp\/v2\/pages\/21#wpcf7-f115-o1\" method=\"post\" class=\"wpcf7-form init\" aria-label=\"Formulario de contacto\" novalidate=\"novalidate\" data-status=\"init\" data-trp-original-action=\"\/en\/wp-json\/wp\/v2\/pages\/21#wpcf7-f115-o1\">\n<fieldset class=\"hidden-fields-container\"><input type=\"hidden\" name=\"_wpcf7\" value=\"115\" \/><input type=\"hidden\" name=\"_wpcf7_version\" value=\"6.1.4\" \/><input type=\"hidden\" name=\"_wpcf7_locale\" value=\"es_MX\" \/><input type=\"hidden\" name=\"_wpcf7_unit_tag\" value=\"wpcf7-f115-o1\" \/><input type=\"hidden\" name=\"_wpcf7_container_post\" value=\"0\" \/><input type=\"hidden\" name=\"_wpcf7_posted_data_hash\" value=\"\" \/>\n<\/fieldset>\n<p><span class=\"wpcf7-form-control-wrap\" data-name=\"your-name\"><input size=\"40\" maxlength=\"400\" class=\"wpcf7-form-control wpcf7-text wpcf7-validates-as-required\" aria-required=\"true\" aria-invalid=\"false\" placeholder=\"Name\" value=\"\" type=\"text\" name=\"your-name\" \/><\/span>\n<\/p>\n<p><span class=\"wpcf7-form-control-wrap\" data-name=\"your-email\"><input size=\"40\" maxlength=\"400\" class=\"wpcf7-form-control wpcf7-email wpcf7-validates-as-required wpcf7-text wpcf7-validates-as-email\" aria-required=\"true\" aria-invalid=\"false\" placeholder=\"E-mail *\" value=\"\" type=\"email\" name=\"your-email\" \/><\/span>\n<\/p>\n<p><span class=\"wpcf7-form-control-wrap\" data-name=\"your-subject\"><input size=\"40\" maxlength=\"400\" class=\"wpcf7-form-control wpcf7-tel wpcf7-text wpcf7-validates-as-tel\" aria-invalid=\"false\" placeholder=\"Phone\" value=\"\" type=\"tel\" name=\"your-subject\" \/><\/span>\n<\/p>\n<p><span class=\"wpcf7-form-control-wrap\" data-name=\"your-message\"><textarea cols=\"40\" rows=\"10\" maxlength=\"2000\" class=\"wpcf7-form-control wpcf7-textarea\" aria-invalid=\"false\" placeholder=\"How can we help?\" name=\"your-message\"><\/textarea><\/span>\n<\/p>\n<p><input class=\"wpcf7-form-control wpcf7-submit has-spinner\" type=\"submit\" value=\"SEND\" \/>\n<\/p><input type='hidden' class='wpcf7-pum' value='{\"closepopup\":false,\"closedelay\":0,\"openpopup\":false,\"openpopup_id\":0}' \/><div class=\"wpcf7-response-output\" aria-hidden=\"true\"><\/div>\n<input type=\"hidden\" name=\"trp-form-language\" value=\"en\"\/><\/form>\n<\/div>\n\n      \t<\/div>\n      \t<div class=\"btb-about-contact-info\">\n      \t\t<div class=\"btb-about-contact-info-tel one-half first alignright\">\n      \t\t\t<i class=\"fas fa-phone color-gold\"><\/i> &nbsp;\n      \t\t\t<a href=\"tel:55527656565\">\n      \t\t\t\t55 5276 &#8211; 6565\n      \t\t\t<\/a>\n      \t\t<\/div>\n      \t<div class=\"btb-about-contact-info-mail one-half alignleft\">\n      \t\t\t<i class=\"fas fa-envelope color-gold\"><\/i> &nbsp;\n      \t\t\t<a href=\"mailto:reservaciones@thegreenparkhotel.com.mx\">\n      \t\t\t\treservaciones@thegreenparkhotel.com.mx\n      \t\t\t<\/a>\n      \t\t<\/div>\n      \t<\/div>\n      <\/div>\n  <\/div>\n<\/div>\n\n\n<div class=\"btb-about-page-4\">\n  <div class=\"wrap\">\n      <div class=\"div-btb-about-location\">\n        <div class=\"btb-about-location\">\n          <h2 style=\"font-size:50px;font-family:edwardian!important;\" class=\"btb-about-location-title\">\n            Location\n          <\/h2>\n        <\/div>\n          <div class=\"div-btb-about-location-map-holder\">\n            <center><iframe src=\"https:\/\/www.google.com\/maps\/embed?pb=!1m18!1m12!1m3!1d3762.933480254959!2d-99.18691248616395!3d19.415279886894176!2m3!1f0!2f0!3f0!3m2!1i1024!2i768!4f13.1!3m3!1m2!1s0x85d1ff59656d5f79%3A0xfa5214610614efa0!2sThe%20Green%20Park%20Hotel!5e0!3m2!1ses!2smx!4v1634784140997!5m2!1ses!2smx\" width=\"850\" height=\"450\" style=\"border:0;\" allowfullscreen=\"\" loading=\"lazy\"><\/iframe><\/center>\n          <\/div>\n          <div class=\"div-btb-about-location-info\">\n            <div class=\"btb-about-contact-info-address\">\n        \t\t\t<i class=\"fas fa-map-marker-alt color-gold\"><\/i> &nbsp;\n        \t\t\t<a href=\"https:\/\/www.google.com\/maps\/place\/The+Green+Park\/@19.4150783,-99.1857451,18z\/data=!4m5!3m4!1s0x85d1ff59656d5f79:0xfa5214610614efa0!8m2!3d19.4151972!4d-99.184978\">Constituyentes 99 \u2022 Col. San Miguel Chapultepec \u2022 11850 \u2022 Ciudad de M\u00e9xico<\/a>\n\t\t        <\/div>\n          <\/div>\n      <\/div>\n  <\/div>\n<\/div>\n\n\n\n<p><\/p>","protected":false},"excerpt":{"rendered":"<p>Planea un evento The Green Park hotel cuenta con salones de reuniones refinadamente estilados que cuentan con un servicio sin igual y tecnolog\u00eda de punta con una capacidad que va desde 12 hasta 300 personas. Distingui\u00e9ndonos por el glamur y la elegancia eterna, somos el lugar ideal para llevar a cabo creativos eventos tem\u00e1ticos, convenciones, [&hellip;]<\/p>","protected":false},"author":7,"featured_media":79,"parent":0,"menu_order":0,"comment_status":"closed","ping_status":"closed","template":"","meta":{"_genesis_hide_title":false,"_genesis_hide_breadcrumbs":false,"_genesis_hide_singular_image":false,"_genesis_hide_footer_widgets":false,"_genesis_custom_body_class":"","_genesis_custom_post_class":"","_genesis_layout":"","footnotes":""},"class_list":{"0":"post-21","1":"page","2":"type-page","3":"status-publish","4":"has-post-thumbnail","6":"entry"},"_links":{"self":[{"href":"https:\/\/thegreenparkhotel.com.mx\/en\/wp-json\/wp\/v2\/pages\/21","targetHints":{"allow":["GET"]}}],"collection":[{"href":"https:\/\/thegreenparkhotel.com.mx\/en\/wp-json\/wp\/v2\/pages"}],"about":[{"href":"https:\/\/thegreenparkhotel.com.mx\/en\/wp-json\/wp\/v2\/types\/page"}],"author":[{"embeddable":true,"href":"https:\/\/thegreenparkhotel.com.mx\/en\/wp-json\/wp\/v2\/users\/7"}],"replies":[{"embeddable":true,"href":"https:\/\/thegreenparkhotel.com.mx\/en\/wp-json\/wp\/v2\/comments?post=21"}],"version-history":[{"count":22,"href":"https:\/\/thegreenparkhotel.com.mx\/en\/wp-json\/wp\/v2\/pages\/21\/revisions"}],"predecessor-version":[{"id":1129,"href":"https:\/\/thegreenparkhotel.com.mx\/en\/wp-json\/wp\/v2\/pages\/21\/revisions\/1129"}],"wp:featuredmedia":[{"embeddable":true,"href":"https:\/\/thegreenparkhotel.com.mx\/en\/wp-json\/wp\/v2\/media\/79"}],"wp:attachment":[{"href":"https:\/\/thegreenparkhotel.com.mx\/en\/wp-json\/wp\/v2\/media?parent=21"}],"curies":[{"name":"wp","href":"https:\/\/api.w.org\/{rel}","templated":true}]}}