{"id":15,"date":"2019-03-21T14:09:37","date_gmt":"2019-03-21T20:09:37","guid":{"rendered":"https:\/\/thegreenparkhotel.com.mx\/?page_id=15"},"modified":"2019-03-28T15:51:32","modified_gmt":"2019-03-28T21:51:32","slug":"grand-suite","status":"publish","type":"page","link":"https:\/\/thegreenparkhotel.com.mx\/en\/grand-suite\/","title":{"rendered":"GRAND SUITE"},"content":{"rendered":"<div class=\"btb-single-suites-page-1\">\n  <div class=\"wrap\">\n     <div class=\"div-btb-single-suites-info\">\n      <h2 class=\"btb-single-suites-title\">GRAND SUITE<\/h2>\n      <p class=\"btb-single-suites-text\">The Green Park hotel es un peque\u00f1o gran hotel que ofrece 33 magn\u00edficas suites en tres diferentes categor\u00edas Grand Suite, Suite Vista y Suite Interna es una invitaci\u00f3n al descanso y la relajaci\u00f3n; adem\u00e1s, en cada una encontrar\u00e1 la privacidad necesaria para aislarse del exterior si as\u00ed lo desea o deleitarse con la panor\u00e1mica del Bosque de Chapultepec. <\/p>\n   <\/div>\n <\/div>\n<\/div>\n\n<div class=\"btb-single-suites-page-2\">\n  <div class=\"wrap\">\n    <section class=\"section-single-suite-gallery\">\n      <style type=\"text\/css\">\n#foogallery-gallery-139 .fg-image { width: 300px; }\n#foogallery-gallery-139 { --fg-gutter: 5px; }<\/style>\n\t\t\t<div class=\"foogallery foogallery-container foogallery-default foogallery-lightbox-none fg-center fg-default fg-ready fg-light fg-loading-default fg-loaded-fade-in fg-hover-scale fg-hover-fade fg-hover-eye\" id=\"foogallery-gallery-139\" data-foogallery=\"{&quot;item&quot;:{&quot;showCaptionTitle&quot;:false,&quot;showCaptionDescription&quot;:false},&quot;lazy&quot;:true}\" style=\"--fg-title-line-clamp: 0; --fg-description-line-clamp: 0;\" >\n\t<div class=\"fg-item fg-type-image fg-idle\"><figure class=\"fg-item-inner\"><a href=\"https:\/\/thegreenparkhotel.com.mx\/wp-content\/uploads\/2019\/03\/20141107-161839_GreenPark_9562-1-2-scaled.jpg\" data-attachment-id=\"1095\" data-type=\"image\" class=\"fg-thumb\"><span class=\"fg-image-wrap\"><img fetchpriority=\"high\" decoding=\"async\" width=\"300\" height=\"200\" class=\"skip-lazy fg-image\" data-src-fg=\"https:\/\/thegreenparkhotel.com.mx\/wp-content\/uploads\/cache\/2019\/03\/20141107-161839_GreenPark_9562-1-2-scaled\/2132205141.jpg\" src=\"data:image\/svg+xml,%3Csvg%20xmlns%3D%22http%3A%2F%2Fwww.w3.org%2F2000%2Fsvg%22%20width%3D%22300%22%20height%3D%22200%22%20viewBox%3D%220%200%20300%20200%22%3E%3C%2Fsvg%3E\" loading=\"eager\"><\/span><span class=\"fg-image-overlay\"><\/span><\/a><\/figure><div class=\"fg-loader\"><\/div><\/div><div class=\"fg-item fg-type-image fg-idle\"><figure class=\"fg-item-inner\"><a href=\"https:\/\/thegreenparkhotel.com.mx\/wp-content\/uploads\/2019\/03\/ban\u0303o-grand-suite.jpg\" data-attachment-id=\"1096\" data-type=\"image\" class=\"fg-thumb\"><span class=\"fg-image-wrap\"><img decoding=\"async\" width=\"300\" height=\"200\" class=\"skip-lazy fg-image\" data-src-fg=\"https:\/\/thegreenparkhotel.com.mx\/wp-content\/uploads\/cache\/2019\/03\/ban\u0303o-grand-suite\/1431653440.jpg\" src=\"data:image\/svg+xml,%3Csvg%20xmlns%3D%22http%3A%2F%2Fwww.w3.org%2F2000%2Fsvg%22%20width%3D%22300%22%20height%3D%22200%22%20viewBox%3D%220%200%20300%20200%22%3E%3C%2Fsvg%3E\" loading=\"eager\"><\/span><span class=\"fg-image-overlay\"><\/span><\/a><\/figure><div class=\"fg-loader\"><\/div><\/div><div class=\"fg-item fg-type-image fg-idle\"><figure class=\"fg-item-inner\"><a href=\"https:\/\/thegreenparkhotel.com.mx\/wp-content\/uploads\/2019\/03\/20141107-151539_GreenPark_9464-1-1-scaled.jpg\" data-attachment-id=\"1097\" data-type=\"image\" class=\"fg-thumb\"><span class=\"fg-image-wrap\"><img decoding=\"async\" width=\"300\" height=\"200\" class=\"skip-lazy fg-image\" data-src-fg=\"https:\/\/thegreenparkhotel.com.mx\/wp-content\/uploads\/cache\/2019\/03\/20141107-151539_GreenPark_9464-1-1-scaled\/554447444.jpg\" src=\"data:image\/svg+xml,%3Csvg%20xmlns%3D%22http%3A%2F%2Fwww.w3.org%2F2000%2Fsvg%22%20width%3D%22300%22%20height%3D%22200%22%20viewBox%3D%220%200%20300%20200%22%3E%3C%2Fsvg%3E\" loading=\"eager\"><\/span><span class=\"fg-image-overlay\"><\/span><\/a><\/figure><div class=\"fg-loader\"><\/div><\/div><div class=\"fg-item fg-type-image fg-idle\"><figure class=\"fg-item-inner\"><a href=\"https:\/\/thegreenparkhotel.com.mx\/wp-content\/uploads\/2019\/03\/20141107-160146_GreenPark_9536-grand-suite-1-scaled.jpg\" data-attachment-id=\"1098\" data-type=\"image\" class=\"fg-thumb\"><span class=\"fg-image-wrap\"><img decoding=\"async\" width=\"300\" height=\"200\" class=\"skip-lazy fg-image\" data-src-fg=\"https:\/\/thegreenparkhotel.com.mx\/wp-content\/uploads\/cache\/2019\/03\/20141107-160146_GreenPark_9536-grand-suite-1-scaled\/3604582639.jpg\" src=\"data:image\/svg+xml,%3Csvg%20xmlns%3D%22http%3A%2F%2Fwww.w3.org%2F2000%2Fsvg%22%20width%3D%22300%22%20height%3D%22200%22%20viewBox%3D%220%200%20300%20200%22%3E%3C%2Fsvg%3E\" loading=\"eager\"><\/span><span class=\"fg-image-overlay\"><\/span><\/a><\/figure><div class=\"fg-loader\"><\/div><\/div><\/div>\n\n    <\/section>\n  <\/div>\n<\/div>\n\n<div class=\"btb-single-suites-page-3\">\n  <div class=\"wrap\">\n    <section class=\"section-single-suites-details\">\n      <div class=\"div-single-suites-details\">\n        <div class=\"div-single-suites-card one-third first\">\n          <div class=\"btb-single-suites-inner-card\">\n            <img decoding=\"async\" src=\"\/wp-content\/uploads\/2019\/03\/Icon-bed.png\" alt=\"\">\n            <p class=\"btb-single-suites-card-title\">Detalles de la Suite<\/p>\n            <p class=\"btb-single-suites-card-text\">IDEAL PARA 2 ADULTOS<\/p>\n            <p class=\"btb-single-suites-card-text\">56 M<sup>2<\/sup> \/ 184 SQ FT<\/p>\n            <p class=\"btb-single-suites-card-text\">CAMA KING SIZE<\/p>\n          <\/div>\n        <\/div>\n        <div class=\"div-single-suites-ammenities two-thirds\">\n          <div class=\"btb-single-suites-inner-ammenities\">\n            <p class=\"btb-single-suites-ammenities-title\">Amplia y Elegante<\/p>\n            <ul>\n              <li><img decoding=\"async\" src=\"\/wp-content\/uploads\/2019\/03\/Line-bullet.png\" alt=\"\">Una cama King size<\/li>\n              <li><img decoding=\"async\" src=\"\/wp-content\/uploads\/2019\/03\/Line-bullet.png\" alt=\"\">Lobby<\/li>\n              <li><img decoding=\"async\" src=\"\/wp-content\/uploads\/2019\/03\/Line-bullet.png\" alt=\"\">Living room<\/li>\n              <li><img decoding=\"async\" src=\"\/wp-content\/uploads\/2019\/03\/Line-bullet.png\" alt=\"\">Comedor<\/li>\n              <li><img decoding=\"async\" src=\"\/wp-content\/uploads\/2019\/03\/Line-bullet.png\" alt=\"\">Option to interconnected Suite<\/li>\n              <li><img decoding=\"async\" src=\"\/wp-content\/uploads\/2019\/03\/Line-bullet.png\" alt=\"\">View to the Chapultepec Forest<\/li>\n              <li><img decoding=\"async\" src=\"\/wp-content\/uploads\/2019\/03\/Line-bullet.png\" alt=\"\">TV plasma de 32\u201d con programaci\u00f3n internacional<\/li>\n              <li><img decoding=\"async\" src=\"\/wp-content\/uploads\/2019\/03\/Line-bullet.png\" alt=\"\">Acceso a internet de alta velocidad<\/li>\n              <li><img decoding=\"async\" src=\"\/wp-content\/uploads\/2019\/03\/Line-bullet.png\" alt=\"\">Safe deposit box<\/li>\n              <li><img decoding=\"async\" src=\"\/wp-content\/uploads\/2019\/03\/Line-bullet.png\" alt=\"\">Luxurious amenities<\/li>\n            <\/ul>\n          <\/div>\n          <strong>Tarifa desde: $6,770 mxn por noche.<\/strong>\n        <\/div>\n      <\/div>\n    <\/section>\n    <p class=\"btb-single-suites-terms alignleft\"> <a href=\"#\">POL\u00cdTICAS, T\u00c9RMINOS Y CONDICIONES <i class=\"fas fa-chevron-down\"><\/i><\/a> <\/p>\n  <\/div>\n<\/div>\n\n<div class=\"btb-single-suites-page-4\">\n  <div class=\"wrap\">\n    <section class=\"section-single-suites-booking-engine\">\n      <p class=\"btb-single-suites-booking-title\">Reservaci\u00f3n<\/p>\n      <div class=\"btb-single-suites-booking-engine\">\n        [mphb_availability]\n      <\/div>\n\n      <div class=\"btb-single-suites-booking-engine\">\n        [mphb_availability_search]\n      <\/div>\n    <\/section>\n  <\/div>\n<\/div>\n\n<div class=\"btb-single-suites-page-5\">\n  <div class=\"wrap\">\n    <h2 class=\"btb-single-suites-title-rooms\">DESCUBRE OTRAS HABITACIONES<\/h2>\n    <div class=\"btb-suites-first-row\">\n     <section class=\"btb-suite-card one-half first\">\n       <div class=\"div-btb-suite-card\">\n         <div class=\"div-btb-suite-image\">\n           <img decoding=\"async\" src=\"\/wp-content\/uploads\/2019\/03\/20141107-160146_GreenPark_9536-grand-suite.jpg\" alt=\"\">\n         <\/div>\n         <div class=\"div-btb-suite-info\">\n           <h3 class=\"btb-suite-info-name\">GRAND SUITE<\/h3>\n           <p class=\"btb-suite-info-description\">\n             Nuestra Suite m\u00e1s espaciosa y lujosa, cuenta con un recibidor, estancia y comedor elegantemente amueblada (aprox. 65m2)\n           <\/p>\n           <a href=\"#\" class=\"btb-suite-info-details alignleft\">Ver Detalles &nbsp; <i class=\"fas fa-chevron-right\"><\/i> <\/a>\n           <a href=\"#\" class=\"btb-suite-info-book alignright\">Book now<\/a>\n         <\/div>\n       <\/div>\n     <\/section>\n\n     <section class=\"btb-suite-card one-half\">\n       <div class=\"div-btb-suite-card\">\n         <div class=\"div-btb-suite-image\">\n           <img decoding=\"async\" src=\"\/wp-content\/uploads\/2019\/03\/20141107-161839_GreenPark_9562-1.jpg\" alt=\"\">\n         <\/div>\n         <div class=\"div-btb-suite-info\">\n           <h3 class=\"btb-suite-info-name\">SUITE VISTA DOBLE<\/h3>\n           <p class=\"btb-suite-info-description\">\n             Elegante Suite con vista al Bosque, cuenta con dos camas Queen Size y elegantes muebles de estilo ingl\u00e9s (aprox. 56m2)\n           <\/p>\n           <a href=\"#\" class=\"btb-suite-info-details alignleft\">Ver Detalles &nbsp; <i class=\"fas fa-chevron-right\"><\/i> <\/a>\n           <a href=\"#\" class=\"btb-suite-info-book alignright\">Book now<\/a>\n         <\/div>\n       <\/div>\n     <\/section>\n <\/div>\n  <\/div>\n<\/div>","protected":false},"excerpt":{"rendered":"<p>GRAND SUITE The Green Park hotel es un peque\u00f1o gran hotel que ofrece 33 magn\u00edficas suites en tres diferentes categor\u00edas Grand Suite, Suite Vista y Suite Interna es una invitaci\u00f3n al descanso y la relajaci\u00f3n; adem\u00e1s, en cada una encontrar\u00e1 la privacidad necesaria para aislarse del exterior si as\u00ed lo desea o deleitarse con la [&hellip;]<\/p>","protected":false},"author":7,"featured_media":129,"parent":0,"menu_order":0,"comment_status":"closed","ping_status":"closed","template":"","meta":{"_genesis_hide_title":false,"_genesis_hide_breadcrumbs":false,"_genesis_hide_singular_image":false,"_genesis_hide_footer_widgets":false,"_genesis_custom_body_class":"","_genesis_custom_post_class":"","_genesis_layout":"","footnotes":""},"class_list":{"0":"post-15","1":"page","2":"type-page","3":"status-publish","4":"has-post-thumbnail","6":"entry"},"_links":{"self":[{"href":"https:\/\/thegreenparkhotel.com.mx\/en\/wp-json\/wp\/v2\/pages\/15","targetHints":{"allow":["GET"]}}],"collection":[{"href":"https:\/\/thegreenparkhotel.com.mx\/en\/wp-json\/wp\/v2\/pages"}],"about":[{"href":"https:\/\/thegreenparkhotel.com.mx\/en\/wp-json\/wp\/v2\/types\/page"}],"author":[{"embeddable":true,"href":"https:\/\/thegreenparkhotel.com.mx\/en\/wp-json\/wp\/v2\/users\/7"}],"replies":[{"embeddable":true,"href":"https:\/\/thegreenparkhotel.com.mx\/en\/wp-json\/wp\/v2\/comments?post=15"}],"version-history":[{"count":5,"href":"https:\/\/thegreenparkhotel.com.mx\/en\/wp-json\/wp\/v2\/pages\/15\/revisions"}],"predecessor-version":[{"id":286,"href":"https:\/\/thegreenparkhotel.com.mx\/en\/wp-json\/wp\/v2\/pages\/15\/revisions\/286"}],"wp:featuredmedia":[{"embeddable":true,"href":"https:\/\/thegreenparkhotel.com.mx\/en\/wp-json\/wp\/v2\/media\/129"}],"wp:attachment":[{"href":"https:\/\/thegreenparkhotel.com.mx\/en\/wp-json\/wp\/v2\/media?parent=15"}],"curies":[{"name":"wp","href":"https:\/\/api.w.org\/{rel}","templated":true}]}}