{"id":13,"date":"2019-03-21T14:06:55","date_gmt":"2019-03-21T20:06:55","guid":{"rendered":"https:\/\/thegreenparkhotel.com.mx\/?page_id=13"},"modified":"2021-10-21T22:14:54","modified_gmt":"2021-10-22T03:14:54","slug":"habitaciones","status":"publish","type":"page","link":"https:\/\/thegreenparkhotel.com.mx\/en\/habitaciones\/","title":{"rendered":"SUITES"},"content":{"rendered":"<div class=\"btb-suites-page-1\">\n  <div class=\"wrap\">\n    <div class=\"div-btb-suites-info\">\n      <h2 style=\"font-size:50px;font-family:edwardian!important;\" class=\"btb-suites-title\">Suites<\/h2>\n      <p style=\"padding:0 10%;text-align:center;\" class=\"btb-suites-text\">Each one of our 33 suites in two different categories\u2014Grand Suite and Suite\u2014is an invitation to rest and relax. Moreover, in each one you will find the privacy necessary to isolate yourself with the panoramic view of the Chapultepec Forest.\n\nOur suites consist of English style furniture carved out from the finest wood, comfortable sofas of original tapestry, desk, and warm floorboards.\n\nThe bathroom is the marvelous place to pamper oneself: its fine marble and lavish finishings; an exclusive hydromassage column, bath tub or jacuzzi, a wide dressing table, hair dryer, luxurious amenities, a great menu of pleasant towels, soft wardrobes and warm slippers. \n <\/p>\n      <p class=\"btb-suites-text\"> <\/p>\n    <\/div>\n  <\/div>\n<\/div>\n\n<div style=\"background-image:url('https:\/\/thegreenparkhotel.com.mx\/wp-content\/uploads\/2021\/10\/02_GrandSuite_2.jpg')!important;\" class=\"btb-dinner-page-2\">\n  <div class=\"wrap\">\n    <div class=\"div-btb-dinner-restaurant-description alignright\">\n      <div class=\"btb-dinner-restaurant-description-inner alignleft\">\n        <h2 class=\"btb-dinner-restaurant-title\">Grand Suite<\/h2>\n        <p class=\"btb-dinner-restaurant-text\">Our most spacious and luxurious suite.<\/p>\n        <div class=\"div-btb-dinner-restaurant-button\">\n  \t\t\t<a href=\"\/en\/grand-suite-2\/\" class=\"btb-dinner-restaurant-button\">View more<\/a>\n        <\/div>\n  \t\t<\/div>\n    <\/div>\n  <\/div>\n<\/div>\n\n<div style=\"background-image:url('https:\/\/thegreenparkhotel.com.mx\/wp-content\/uploads\/2021\/10\/01_SuiteVista_King_1.jpg')!important;\" class=\"btb-dinner-page-3\">\n  <div class=\"wrap\">\n    <div class=\"div-btb-dinner-restaurant-description alignleft\">\n      <div class=\"btb-dinner-restaurant-description-inner\">\n        <h2 class=\"btb-dinner-restaurant-title\">King suite<\/h2>\n        <p class=\"btb-dinner-restaurant-text\">Suite with a King Size bed ideal for couples overlooking the forest and elegant English-style furniture, it has a hydromassage tub.<\/p>\n        <div class=\"div-btb-dinner-restaurant-button\">\n  \t\t\t<a href=\"\/en\/suite-king\/\" class=\"btb-dinner-restaurant-button\">View more<\/a>\n  \t\t<\/div>\n      <\/div>\n    <\/div>\n  <\/div>\n<\/div>\n\n<div style=\"background-image:url('https:\/\/thegreenparkhotel.com.mx\/wp-content\/uploads\/2021\/10\/01_SuiteInterna_Doble_1.jpg')!important;\" class=\"btb-dinner-page-4\">\n  <div class=\"wrap\">\n    <div class=\"div-btb-dinner-restaurant-description alignright\">\n      <div class=\"btb-dinner-restaurant-description-inner alignleft\">\n        <h2 class=\"btb-dinner-restaurant-title\">Double Suite<\/h2>\n        <p class=\"btb-dinner-restaurant-text\">Elegant Suite overlooking the Forest, has two Queen Size beds and elegant English-style furniture.<\/p>\n        <div class=\"div-btb-dinner-restaurant-button\">\n  \t\t\t<a href=\"\/en\/suite-doble\/\" class=\"btb-dinner-restaurant-button\">View more<\/a>\n  \t\t<\/div>\n      <\/div>\n    <\/div>\n  <\/div>\n<\/div>\n\n\n\n<p><\/p>","protected":false},"excerpt":{"rendered":"<p>Suites Cada una de nuestras 33 suites que se dividen en dos categor\u00edas Grand Suite y Suite, son una invitaci\u00f3n al descanso y la relajaci\u00f3n; adem\u00e1s, en cada una encontrar\u00e1 la privacidad necesaria para aislarse del exterior si as\u00ed lo desea. Disponen de mobiliario estilo ingl\u00e9s tallado en finas maderas, confortables sillones de original tapicer\u00eda, [&hellip;]<\/p>","protected":false},"author":7,"featured_media":128,"parent":0,"menu_order":0,"comment_status":"closed","ping_status":"closed","template":"","meta":{"_genesis_hide_title":false,"_genesis_hide_breadcrumbs":false,"_genesis_hide_singular_image":false,"_genesis_hide_footer_widgets":false,"_genesis_custom_body_class":"","_genesis_custom_post_class":"","_genesis_layout":"","footnotes":""},"class_list":{"0":"post-13","1":"page","2":"type-page","3":"status-publish","4":"has-post-thumbnail","6":"entry"},"_links":{"self":[{"href":"https:\/\/thegreenparkhotel.com.mx\/en\/wp-json\/wp\/v2\/pages\/13","targetHints":{"allow":["GET"]}}],"collection":[{"href":"https:\/\/thegreenparkhotel.com.mx\/en\/wp-json\/wp\/v2\/pages"}],"about":[{"href":"https:\/\/thegreenparkhotel.com.mx\/en\/wp-json\/wp\/v2\/types\/page"}],"author":[{"embeddable":true,"href":"https:\/\/thegreenparkhotel.com.mx\/en\/wp-json\/wp\/v2\/users\/7"}],"replies":[{"embeddable":true,"href":"https:\/\/thegreenparkhotel.com.mx\/en\/wp-json\/wp\/v2\/comments?post=13"}],"version-history":[{"count":33,"href":"https:\/\/thegreenparkhotel.com.mx\/en\/wp-json\/wp\/v2\/pages\/13\/revisions"}],"predecessor-version":[{"id":847,"href":"https:\/\/thegreenparkhotel.com.mx\/en\/wp-json\/wp\/v2\/pages\/13\/revisions\/847"}],"wp:featuredmedia":[{"embeddable":true,"href":"https:\/\/thegreenparkhotel.com.mx\/en\/wp-json\/wp\/v2\/media\/128"}],"wp:attachment":[{"href":"https:\/\/thegreenparkhotel.com.mx\/en\/wp-json\/wp\/v2\/media?parent=13"}],"curies":[{"name":"wp","href":"https:\/\/api.w.org\/{rel}","templated":true}]}}